{"id":1142,"date":"2024-11-13T02:42:10","date_gmt":"2024-11-13T02:42:10","guid":{"rendered":"https:\/\/vewoi.com\/?page_id=1142"},"modified":"2024-11-13T18:55:27","modified_gmt":"2024-11-13T18:55:27","slug":"yasal-uyari","status":"publish","type":"page","link":"https:\/\/vewoi.com\/tr\/yasal-uyari\/","title":{"rendered":"Yasal Uyar\u0131"},"content":{"rendered":"<p class=\"wp-block-paragraph\"><strong>TMG Madde 5'e g\u00f6re<\/strong><\/p>\n\n\n\n<p class=\"wp-block-paragraph\">VEWOI<br>Sahibi: Gherman Zolotcov<br>Vogelsbergstra\u00dfe 33<br>60316 Frankfurt am Main<br>Almanya<\/p>\n\n\n\n<p class=\"wp-block-paragraph\"><strong>\u0130leti\u015fim:<\/strong><br>Telefon numaras\u0131: 01722050476<br>E-posta: contact@vewoi.com<\/p>\n\n\n\n<p class=\"wp-block-paragraph\"><strong>KDV-ID:<\/strong><br>\u00a727a Katma De\u011fer Vergisi Kanunu uyar\u0131nca sat\u0131\u015f vergisi kimlik numaras\u0131: DE 301 618 497<\/p>\n\n\n\n<p class=\"wp-block-paragraph\"><strong>Uyu\u015fmazl\u0131k \u00c7\u00f6z\u00fcm\u00fc<\/strong><br>Bir t\u00fcketici hakem heyeti nezdindeki uyu\u015fmazl\u0131k \u00e7\u00f6z\u00fcm i\u015flemlerine kat\u0131lmaya ne istekliyiz ne de y\u00fck\u00fcml\u00fcy\u00fcz.<\/p>","protected":false},"excerpt":{"rendered":"<p>According to \u00a7 5 TMG VEWOIOwner: Gherman ZolotcovVogelsbergstra\u00dfe 3360316 Frankfurt am MainGermany Contact:Telephone: 01722050476Email: contact@vewoi.com VAT-ID:Sales tax identification number according to \u00a727a Value Added Tax Act: DE 301 618 497 Dispute ResolutionWe are neither willing nor obligated to participate in dispute resolution proceedings before a consumer arbitration board.<\/p>","protected":false},"author":1,"featured_media":0,"parent":0,"menu_order":0,"comment_status":"closed","ping_status":"closed","template":"","meta":{"_crdt_document":"","footnotes":""},"class_list":["post-1142","page","type-page","status-publish","hentry"],"_links":{"self":[{"href":"https:\/\/vewoi.com\/tr\/wp-json\/wp\/v2\/pages\/1142","targetHints":{"allow":["GET"]}}],"collection":[{"href":"https:\/\/vewoi.com\/tr\/wp-json\/wp\/v2\/pages"}],"about":[{"href":"https:\/\/vewoi.com\/tr\/wp-json\/wp\/v2\/types\/page"}],"author":[{"embeddable":true,"href":"https:\/\/vewoi.com\/tr\/wp-json\/wp\/v2\/users\/1"}],"replies":[{"embeddable":true,"href":"https:\/\/vewoi.com\/tr\/wp-json\/wp\/v2\/comments?post=1142"}],"version-history":[{"count":0,"href":"https:\/\/vewoi.com\/tr\/wp-json\/wp\/v2\/pages\/1142\/revisions"}],"wp:attachment":[{"href":"https:\/\/vewoi.com\/tr\/wp-json\/wp\/v2\/media?parent=1142"}],"curies":[{"name":"wp","href":"https:\/\/api.w.org\/{rel}","templated":true}]}}