{"id":110,"date":"2023-06-22T04:04:14","date_gmt":"2023-06-22T04:04:14","guid":{"rendered":"https:\/\/vewoi.com\/?page_id=110"},"modified":"2023-07-28T07:51:51","modified_gmt":"2023-07-28T07:51:51","slug":"site-haritasi","status":"publish","type":"page","link":"https:\/\/vewoi.com\/tr\/site-haritasi\/","title":{"rendered":"Site Haritas\u0131"},"content":{"rendered":"<h2 class=\"wp-block-heading\"><strong>Sayfalar<\/strong><\/h2>\n\n\n\n<div class=\"wp-block-query is-layout-flow wp-block-query-is-layout-flow\"><ul class=\"wp-block-post-template is-layout-flow wp-block-post-template-is-layout-flow\"><li class=\"wp-block-post post-1142 page type-page status-publish hentry\">\n<h5 class=\"wp-block-post-title\"><a href=\"https:\/\/vewoi.com\/tr\/yasal-uyari\/\" target=\"_self\" >Yasal Uyar\u0131<\/a><\/h5>\n<\/li><li class=\"wp-block-post post-110 page type-page status-publish hentry\">\n<h5 class=\"wp-block-post-title\"><a href=\"https:\/\/vewoi.com\/tr\/site-haritasi\/\" target=\"_self\" >Site Haritas\u0131<\/a><\/h5>\n<\/li><li class=\"wp-block-post post-103 page type-page status-publish hentry\">\n<h5 class=\"wp-block-post-title\"><a href=\"https:\/\/vewoi.com\/tr\/hakkimizda\/\" target=\"_self\" >Hakk\u0131m\u0131zda<\/a><\/h5>\n<\/li><li class=\"wp-block-post post-99 page type-page status-publish hentry\">\n<h5 class=\"wp-block-post-title\"><a href=\"https:\/\/vewoi.com\/tr\/sorumluluk-reddi-beyani\/\" target=\"_self\" >Sorumluluk Reddi<\/a><\/h5>\n<\/li><li class=\"wp-block-post post-55 page type-page status-publish hentry\">\n<h5 class=\"wp-block-post-title\"><a href=\"https:\/\/vewoi.com\/tr\/bize-ulasin\/\" target=\"_self\" >Bize Ula\u015f\u0131n<\/a><\/h5>\n<\/li><li class=\"wp-block-post post-50 page type-page status-publish hentry\">\n<h5 class=\"wp-block-post-title\"><a href=\"https:\/\/vewoi.com\/tr\/gizlilik-politikasi\/\" target=\"_self\" >Gizlilik Politikas\u0131<\/a><\/h5>\n<\/li><\/ul><\/div>\n\n\n\n<h2 class=\"wp-block-heading\">Mesajlar<\/h2>\n\n\n\n<div class=\"wp-block-query is-layout-flow wp-block-query-is-layout-flow\"><ul class=\"wp-block-post-template is-layout-flow wp-block-post-template-is-layout-flow\"><li class=\"wp-block-post post-1069 post type-post status-publish format-standard has-post-thumbnail hentry category-ai-tools-applications\">\n<h5 class=\"wp-block-post-title\"><a href=\"https:\/\/vewoi.com\/tr\/yapay-zeka-ile-goruntu-olusturma-icin-en-iyi-chatgpt-komutlari\/\" target=\"_self\" >ChatGPT ile G\u00f6rsel Olu\u015fturma K\u0131lavuzu<\/a><\/h5>\n<\/li><li class=\"wp-block-post post-1024 post type-post status-publish format-standard has-post-thumbnail hentry category-ai-tools-applications\">\n<h5 class=\"wp-block-post-title\"><a href=\"https:\/\/vewoi.com\/tr\/chatgpt-ile-website-degerlendirme-uzmanligi\/\" target=\"_self\" >ChatGPT ile Web Sitesi De\u011ferlendirmede Uzmanla\u015fma<\/a><\/h5>\n<\/li><li class=\"wp-block-post post-1103 post type-post status-publish format-standard has-post-thumbnail hentry category-ai-tools-applications\">\n<h5 class=\"wp-block-post-title\"><a href=\"https:\/\/vewoi.com\/tr\/chatgpt-ile-logo-nasil-tasarlanir\/\" target=\"_self\" >ChatGPT ile Logo Nas\u0131l Tasarlan\u0131r<\/a><\/h5>\n<\/li><li class=\"wp-block-post post-1062 post type-post status-publish format-standard has-post-thumbnail hentry category-uncategorized\">\n<h5 class=\"wp-block-post-title\"><a href=\"https:\/\/vewoi.com\/tr\/chatgptyi-hafiza-teknikleri-icin-nasil-kullanilir\/\" target=\"_self\" >An\u0131msat\u0131c\u0131lar i\u00e7in ChatGPT Nas\u0131l Kullan\u0131l\u0131r<\/a><\/h5>\n<\/li><li class=\"wp-block-post post-1051 post type-post status-publish format-standard has-post-thumbnail hentry category-ai-tools-applications\">\n<h5 class=\"wp-block-post-title\"><a href=\"https:\/\/vewoi.com\/tr\/chatgpt-ile-yapay-zeka-tarafindan-yazilan-kodu-nasil-tespit-edilir\/\" target=\"_self\" >ChatGPT ile Yapay Zeka Taraf\u0131ndan Yaz\u0131lm\u0131\u015f Kod Nas\u0131l Tespit Edilir<\/a><\/h5>\n<\/li><li class=\"wp-block-post post-1045 post type-post status-publish format-standard has-post-thumbnail hentry category-ai-tools-applications\">\n<h5 class=\"wp-block-post-title\"><a href=\"https:\/\/vewoi.com\/tr\/isim-beyin-firtinasi-icin-chatgpt-komutlari\/\" target=\"_self\" >\u0130sim Beyin F\u0131rt\u0131nas\u0131 \u0130\u00e7in 8 ChatGPT \u0130pucu<\/a><\/h5>\n<\/li><li class=\"wp-block-post post-865 post type-post status-publish format-standard has-post-thumbnail hentry category-digital-marketing\">\n<h5 class=\"wp-block-post-title\"><a href=\"https:\/\/vewoi.com\/tr\/influencer-pazarlamasi-ve-seo-arama-gorunurlugunu-artirmak-icin-influencerlari-kullanma-yontemleri\/\" target=\"_self\" >Influencer Pazarlamas\u0131 ve SEO: Daha \u0130yi Arama G\u00f6r\u00fcn\u00fcrl\u00fc\u011f\u00fc i\u00e7in Influencer'lardan Nas\u0131l Yararlan\u0131l\u0131r?<\/a><\/h5>\n<\/li><li class=\"wp-block-post post-857 post type-post status-publish format-standard has-post-thumbnail hentry category-digital-marketing\">\n<h5 class=\"wp-block-post-title\"><a href=\"https:\/\/vewoi.com\/tr\/marka-gorunurlugu-icin-seo-arama-motorlarinda-marka-gorunurlugunu-artirmak-icin-cevrimici-icerik-optimizasyonu\/\" target=\"_self\" >Marka G\u00f6r\u00fcn\u00fcrl\u00fc\u011f\u00fc i\u00e7in SEO: Arama Motorlar\u0131nda Marka G\u00f6r\u00fcn\u00fcrl\u00fc\u011f\u00fcn\u00fc Art\u0131rmak i\u00e7in \u00c7evrimi\u00e7i \u0130\u00e7eri\u011fi Optimize Etmek<\/a><\/h5>\n<\/li><li class=\"wp-block-post post-856 post type-post status-publish format-standard has-post-thumbnail hentry category-brand-development\">\n<h5 class=\"wp-block-post-title\"><a href=\"https:\/\/vewoi.com\/tr\/luks-marka-pazarlama-taktikleri\/\" target=\"_self\" >L\u00fcks Marka Pazarlama Taktikleri<\/a><\/h5>\n<\/li><li class=\"wp-block-post post-855 post type-post status-publish format-standard has-post-thumbnail hentry category-brand-development\">\n<h5 class=\"wp-block-post-title\"><a href=\"https:\/\/vewoi.com\/tr\/veri-odakli-marka-stratejisi-gelistirme\/\" target=\"_self\" >Veriye Dayal\u0131 Marka Stratejisi Geli\u015ftirme<\/a><\/h5>\n<\/li><li class=\"wp-block-post post-847 post type-post status-publish format-standard has-post-thumbnail hentry category-brand-development\">\n<h5 class=\"wp-block-post-title\"><a href=\"https:\/\/vewoi.com\/tr\/girisimciler-icin-kisisel-markalasma\/\" target=\"_self\" >Giri\u015fimciler i\u00e7in Ki\u015fisel Markala\u015fma<\/a><\/h5>\n<\/li><li class=\"wp-block-post post-839 post type-post status-publish format-standard has-post-thumbnail hentry category-brand-development\">\n<h5 class=\"wp-block-post-title\"><a href=\"https:\/\/vewoi.com\/tr\/marka-degeri-ve-etkinligini-olcme\/\" target=\"_self\" >Marka De\u011feri ve Etkinli\u011finin \u00d6l\u00e7\u00fclmesi<\/a><\/h5>\n<\/li><li class=\"wp-block-post post-836 post type-post status-publish format-standard has-post-thumbnail hentry category-brand-development\">\n<h5 class=\"wp-block-post-title\"><a href=\"https:\/\/vewoi.com\/tr\/veri-odakli-marka-stratejisi-gelistirme-2\/\" target=\"_self\" >Yeniden Markala\u015fma Stratejileri ve Dikkat Edilmesi Gerekenler<\/a><\/h5>\n<\/li><li class=\"wp-block-post post-834 post type-post status-publish format-standard has-post-thumbnail hentry category-brand-development\">\n<h5 class=\"wp-block-post-title\"><a href=\"https:\/\/vewoi.com\/tr\/markalar-icin-ses-ve-ton-gelistirme\/\" target=\"_self\" >Markalar i\u00e7in Ses ve Ton Geli\u015ftirme<\/a><\/h5>\n<\/li><li class=\"wp-block-post post-832 post type-post status-publish format-standard has-post-thumbnail hentry category-brand-development\">\n<h5 class=\"wp-block-post-title\"><a href=\"https:\/\/vewoi.com\/tr\/markalasmada-noropazarlama-teknikleri\/\" target=\"_self\" >Markala\u015fmada N\u00f6ropazarlama Teknikleri<\/a><\/h5>\n<\/li><li class=\"wp-block-post post-827 post type-post status-publish format-standard has-post-thumbnail hentry category-brand-development\">\n<h5 class=\"wp-block-post-title\"><a href=\"https:\/\/vewoi.com\/tr\/marka-isimlerinin-tuketici-guvenine-etkisi\/\" target=\"_self\" >Marka \u0130simlerinin T\u00fcketici G\u00fcveni \u00dczerindeki Etkisi<\/a><\/h5>\n<\/li><li class=\"wp-block-post post-1008 post type-post status-publish format-standard has-post-thumbnail hentry category-ai-tools-applications\">\n<h5 class=\"wp-block-post-title\"><a href=\"https:\/\/vewoi.com\/tr\/chatgpt-ile-mukemmel-isim-olusturma-adim-adim-rehberi\/\" target=\"_self\" >ChatGPT ile M\u00fckemmel Bir \u0130sim Olu\u015fturmak \u0130\u00e7in Ad\u0131m Ad\u0131m K\u0131lavuz<\/a><\/h5>\n<\/li><li class=\"wp-block-post post-888 post type-post status-publish format-standard has-post-thumbnail hentry category-ai-tools-applications\">\n<h5 class=\"wp-block-post-title\"><a href=\"https:\/\/vewoi.com\/tr\/chatgpt-ile-sirket-ismi-olusturma-adim-adim-rehberi\/\" target=\"_self\" >ChatGPT ile \u0130\u015fletme Ad\u0131 Olu\u015fturmak i\u00e7in Ad\u0131m Ad\u0131m K\u0131lavuz<\/a><\/h5>\n<\/li><li class=\"wp-block-post post-961 post type-post status-publish format-standard has-post-thumbnail hentry category-ai-tools-applications\">\n<h5 class=\"wp-block-post-title\"><a href=\"https:\/\/vewoi.com\/tr\/chatgpt-ile-domain-adi-olusturma-adim-adim-rehberi\/\" target=\"_self\" >ChatGPT ile Alan Ad\u0131 Olu\u015fturmak i\u00e7in Ad\u0131m Ad\u0131m K\u0131lavuz<\/a><\/h5>\n<\/li><\/ul><\/div>","protected":false},"excerpt":{"rendered":"<p>Sayfa G\u00f6nderileri<\/p>","protected":false},"author":1,"featured_media":0,"parent":0,"menu_order":0,"comment_status":"closed","ping_status":"closed","template":"","meta":{"_crdt_document":"","footnotes":""},"class_list":["post-110","page","type-page","status-publish","hentry"],"_links":{"self":[{"href":"https:\/\/vewoi.com\/tr\/wp-json\/wp\/v2\/pages\/110","targetHints":{"allow":["GET"]}}],"collection":[{"href":"https:\/\/vewoi.com\/tr\/wp-json\/wp\/v2\/pages"}],"about":[{"href":"https:\/\/vewoi.com\/tr\/wp-json\/wp\/v2\/types\/page"}],"author":[{"embeddable":true,"href":"https:\/\/vewoi.com\/tr\/wp-json\/wp\/v2\/users\/1"}],"replies":[{"embeddable":true,"href":"https:\/\/vewoi.com\/tr\/wp-json\/wp\/v2\/comments?post=110"}],"version-history":[{"count":0,"href":"https:\/\/vewoi.com\/tr\/wp-json\/wp\/v2\/pages\/110\/revisions"}],"wp:attachment":[{"href":"https:\/\/vewoi.com\/tr\/wp-json\/wp\/v2\/media?parent=110"}],"curies":[{"name":"wp","href":"https:\/\/api.w.org\/{rel}","templated":true}]}}