{"id":1142,"date":"2024-11-13T02:42:10","date_gmt":"2024-11-13T02:42:10","guid":{"rendered":"https:\/\/vewoi.com\/?page_id=1142"},"modified":"2024-11-13T18:55:27","modified_gmt":"2024-11-13T18:55:27","slug":"aviso-legal-2","status":"publish","type":"page","link":"https:\/\/vewoi.com\/pt\/aviso-legal-2\/","title":{"rendered":"Aviso legal"},"content":{"rendered":"<p class=\"wp-block-paragraph\"><strong>De acordo com o \u00a7 5 TMG<\/strong><\/p>\n\n\n\n<p class=\"wp-block-paragraph\">VEWOI<br>Propriet\u00e1rio: Gherman Zolotcov<br>Vogelsbergstra\u00dfe 33<br>60316 Frankfurt am Main<br>Alemanha<\/p>\n\n\n\n<p class=\"wp-block-paragraph\"><strong>Contacto:<\/strong><br>Telefone: 01722050476<br>Correio eletr\u00f3nico: contact@vewoi.com<\/p>\n\n\n\n<p class=\"wp-block-paragraph\"><strong>IDENTIFICA\u00c7\u00c3O DO IVA:<\/strong><br>N\u00famero de identifica\u00e7\u00e3o do imposto sobre vendas de acordo com o \u00a727a da Lei do Imposto sobre o Valor Acrescentado: DE 301 618 497<\/p>\n\n\n\n<p class=\"wp-block-paragraph\"><strong>Resolu\u00e7\u00e3o de lit\u00edgios<\/strong><br>N\u00e3o estamos dispostos nem somos obrigados a participar em processos de resolu\u00e7\u00e3o de lit\u00edgios perante uma comiss\u00e3o de arbitragem de consumidores.<\/p>","protected":false},"excerpt":{"rendered":"<p>According to \u00a7 5 TMG VEWOIOwner: Gherman ZolotcovVogelsbergstra\u00dfe 3360316 Frankfurt am MainGermany Contact:Telephone: 01722050476Email: contact@vewoi.com VAT-ID:Sales tax identification number according to \u00a727a Value Added Tax Act: DE 301 618 497 Dispute ResolutionWe are neither willing nor obligated to participate in dispute resolution proceedings before a consumer arbitration board.<\/p>","protected":false},"author":1,"featured_media":0,"parent":0,"menu_order":0,"comment_status":"closed","ping_status":"closed","template":"","meta":{"_crdt_document":"","footnotes":""},"class_list":["post-1142","page","type-page","status-publish","hentry"],"_links":{"self":[{"href":"https:\/\/vewoi.com\/pt\/wp-json\/wp\/v2\/pages\/1142","targetHints":{"allow":["GET"]}}],"collection":[{"href":"https:\/\/vewoi.com\/pt\/wp-json\/wp\/v2\/pages"}],"about":[{"href":"https:\/\/vewoi.com\/pt\/wp-json\/wp\/v2\/types\/page"}],"author":[{"embeddable":true,"href":"https:\/\/vewoi.com\/pt\/wp-json\/wp\/v2\/users\/1"}],"replies":[{"embeddable":true,"href":"https:\/\/vewoi.com\/pt\/wp-json\/wp\/v2\/comments?post=1142"}],"version-history":[{"count":0,"href":"https:\/\/vewoi.com\/pt\/wp-json\/wp\/v2\/pages\/1142\/revisions"}],"wp:attachment":[{"href":"https:\/\/vewoi.com\/pt\/wp-json\/wp\/v2\/media?parent=1142"}],"curies":[{"name":"wp","href":"https:\/\/api.w.org\/{rel}","templated":true}]}}