{"id":110,"date":"2023-06-22T04:04:14","date_gmt":"2023-06-22T04:04:14","guid":{"rendered":"https:\/\/vewoi.com\/?page_id=110"},"modified":"2023-07-28T07:51:51","modified_gmt":"2023-07-28T07:51:51","slug":"sitemap","status":"publish","type":"page","link":"https:\/\/vewoi.com\/pt\/sitemap\/","title":{"rendered":"Mapa do s\u00edtio"},"content":{"rendered":"<h2 class=\"wp-block-heading\"><strong>Pages<\/strong><\/h2>\n\n\n\n<div class=\"wp-block-query is-layout-flow wp-block-query-is-layout-flow\"><ul class=\"wp-block-post-template is-layout-flow wp-block-post-template-is-layout-flow\"><li class=\"wp-block-post post-1142 page type-page status-publish hentry\">\n<h5 class=\"wp-block-post-title\"><a href=\"https:\/\/vewoi.com\/pt\/aviso-legal-2\/\" target=\"_self\" >Aviso legal<\/a><\/h5>\n<\/li><li class=\"wp-block-post post-110 page type-page status-publish hentry\">\n<h5 class=\"wp-block-post-title\"><a href=\"https:\/\/vewoi.com\/pt\/sitemap\/\" target=\"_self\" >Mapa do s\u00edtio<\/a><\/h5>\n<\/li><li class=\"wp-block-post post-103 page type-page status-publish hentry\">\n<h5 class=\"wp-block-post-title\"><a href=\"https:\/\/vewoi.com\/pt\/sobre-nos\/\" target=\"_self\" >Sobre n\u00f3s<\/a><\/h5>\n<\/li><li class=\"wp-block-post post-99 page type-page status-publish hentry\">\n<h5 class=\"wp-block-post-title\"><a href=\"https:\/\/vewoi.com\/pt\/aviso-legal\/\" target=\"_self\" >Declara\u00e7\u00e3o de exonera\u00e7\u00e3o de responsabilidade<\/a><\/h5>\n<\/li><li class=\"wp-block-post post-55 page type-page status-publish hentry\">\n<h5 class=\"wp-block-post-title\"><a href=\"https:\/\/vewoi.com\/pt\/contacte-nos\/\" target=\"_self\" >Contactar-nos<\/a><\/h5>\n<\/li><li class=\"wp-block-post post-50 page type-page status-publish hentry\">\n<h5 class=\"wp-block-post-title\"><a href=\"https:\/\/vewoi.com\/pt\/politica-de-privacidade\/\" target=\"_self\" >Privacy Policy<\/a><\/h5>\n<\/li><\/ul><\/div>\n\n\n\n<h2 class=\"wp-block-heading\">Posts<\/h2>\n\n\n\n<div class=\"wp-block-query is-layout-flow wp-block-query-is-layout-flow\"><ul class=\"wp-block-post-template is-layout-flow wp-block-post-template-is-layout-flow\"><li class=\"wp-block-post post-1069 post type-post status-publish format-standard has-post-thumbnail hentry category-ai-tools-applications\">\n<h5 class=\"wp-block-post-title\"><a href=\"https:\/\/vewoi.com\/pt\/melhores-prompts-do-chatgpt-para-geracao-de-imagens-por-ia\/\" target=\"_self\" >Prompts Poderosos para Gerar Imagens no ChatGPT<\/a><\/h5>\n<\/li><li class=\"wp-block-post post-1024 post type-post status-publish format-standard has-post-thumbnail hentry category-ai-tools-applications\">\n<h5 class=\"wp-block-post-title\"><a href=\"https:\/\/vewoi.com\/pt\/dominando-a-avaliacao-de-websites-com-chatgpt\/\" target=\"_self\" >Dominar a avalia\u00e7\u00e3o de sites com o ChatGPT<\/a><\/h5>\n<\/li><li class=\"wp-block-post post-1103 post type-post status-publish format-standard has-post-thumbnail hentry category-ai-tools-applications\">\n<h5 class=\"wp-block-post-title\"><a href=\"https:\/\/vewoi.com\/pt\/como-criar-um-logotipo-usando-chatgpt\/\" target=\"_self\" >Como criar um log\u00f3tipo com o ChatGPT<\/a><\/h5>\n<\/li><li class=\"wp-block-post post-1062 post type-post status-publish format-standard has-post-thumbnail hentry category-uncategorized\">\n<h5 class=\"wp-block-post-title\"><a href=\"https:\/\/vewoi.com\/pt\/como-usar-chatgpt-para-tecnicas-de-memorizacao\/\" target=\"_self\" >Como utilizar o ChatGPT para a mnem\u00f3nica<\/a><\/h5>\n<\/li><li class=\"wp-block-post post-1051 post type-post status-publish format-standard has-post-thumbnail hentry category-ai-tools-applications\">\n<h5 class=\"wp-block-post-title\"><a href=\"https:\/\/vewoi.com\/pt\/como-detectar-codigo-escrito-por-ia-com-chatgpt\/\" target=\"_self\" >Como detetar c\u00f3digo escrito por IA com o ChatGPT<\/a><\/h5>\n<\/li><li class=\"wp-block-post post-1045 post type-post status-publish format-standard has-post-thumbnail hentry category-ai-tools-applications\">\n<h5 class=\"wp-block-post-title\"><a href=\"https:\/\/vewoi.com\/pt\/prompts-do-chatgpt-para-brainstorming-de-nomes\/\" target=\"_self\" >8 Sugest\u00f5es de ChatGPT para a cria\u00e7\u00e3o de nomes<\/a><\/h5>\n<\/li><li class=\"wp-block-post post-865 post type-post status-publish format-standard has-post-thumbnail hentry category-digital-marketing\">\n<h5 class=\"wp-block-post-title\"><a href=\"https:\/\/vewoi.com\/pt\/marketing-de-influencia-e-seo-como-aproveitar-influenciadores-para-melhorar-a-visibilidade-nas-buscas\/\" target=\"_self\" >Marketing de influ\u00eancia e SEO: Como aproveitar os influenciadores para obter melhor visibilidade na pesquisa<\/a><\/h5>\n<\/li><li class=\"wp-block-post post-857 post type-post status-publish format-standard has-post-thumbnail hentry category-digital-marketing\">\n<h5 class=\"wp-block-post-title\"><a href=\"https:\/\/vewoi.com\/pt\/seo-para-visibilidade-da-marca-otimizacao-de-conteudo-online-para-aumentar-a-visibilidade-nos-motores-de-busca\/\" target=\"_self\" >SEO para visibilidade da marca: Otimizar o conte\u00fado online para aumentar a visibilidade da marca nos motores de busca<\/a><\/h5>\n<\/li><li class=\"wp-block-post post-856 post type-post status-publish format-standard has-post-thumbnail hentry category-brand-development\">\n<h5 class=\"wp-block-post-title\"><a href=\"https:\/\/vewoi.com\/pt\/taticas-de-marketing-para-marcas-de-luxo\/\" target=\"_self\" >T\u00e1cticas de marketing de marcas de luxo<\/a><\/h5>\n<\/li><li class=\"wp-block-post post-855 post type-post status-publish format-standard has-post-thumbnail hentry category-brand-development\">\n<h5 class=\"wp-block-post-title\"><a href=\"https:\/\/vewoi.com\/pt\/desenvolvimento-de-estrategia-de-marca-baseado-em-dados\/\" target=\"_self\" >Desenvolvimento de estrat\u00e9gias de marca baseadas em dados<\/a><\/h5>\n<\/li><li class=\"wp-block-post post-847 post type-post status-publish format-standard has-post-thumbnail hentry category-brand-development\">\n<h5 class=\"wp-block-post-title\"><a href=\"https:\/\/vewoi.com\/pt\/marketing-pessoal-para-empreendedores\/\" target=\"_self\" >Marca pessoal para empres\u00e1rios<\/a><\/h5>\n<\/li><li class=\"wp-block-post post-839 post type-post status-publish format-standard has-post-thumbnail hentry category-brand-development\">\n<h5 class=\"wp-block-post-title\"><a href=\"https:\/\/vewoi.com\/pt\/medindo-o-valor-e-a-eficacia-da-marca\/\" target=\"_self\" >Medir o valor e a efic\u00e1cia da marca<\/a><\/h5>\n<\/li><li class=\"wp-block-post post-836 post type-post status-publish format-standard has-post-thumbnail hentry category-brand-development\">\n<h5 class=\"wp-block-post-title\"><a href=\"https:\/\/vewoi.com\/pt\/desenvolvimento-de-estrategia-de-marca-baseada-em-dados\/\" target=\"_self\" >Estrat\u00e9gias de rebranding e considera\u00e7\u00f5es<\/a><\/h5>\n<\/li><li class=\"wp-block-post post-834 post type-post status-publish format-standard has-post-thumbnail hentry category-brand-development\">\n<h5 class=\"wp-block-post-title\"><a href=\"https:\/\/vewoi.com\/pt\/desenvolvimento-de-voz-e-tom-para-marcas\/\" target=\"_self\" >Desenvolvimento de voz e tom para marcas<\/a><\/h5>\n<\/li><li class=\"wp-block-post post-832 post type-post status-publish format-standard has-post-thumbnail hentry category-brand-development\">\n<h5 class=\"wp-block-post-title\"><a href=\"https:\/\/vewoi.com\/pt\/tecnicas-de-neuromarketing-na-gestao-de-marcas\/\" target=\"_self\" >T\u00e9cnicas de Neuromarketing em Branding<\/a><\/h5>\n<\/li><li class=\"wp-block-post post-827 post type-post status-publish format-standard has-post-thumbnail hentry category-brand-development\">\n<h5 class=\"wp-block-post-title\"><a href=\"https:\/\/vewoi.com\/pt\/o-efeito-dos-nomes-de-marca-na-confianca-do-consumidor\/\" target=\"_self\" >O efeito dos nomes das marcas na confian\u00e7a dos consumidores<\/a><\/h5>\n<\/li><li class=\"wp-block-post post-1008 post type-post status-publish format-standard has-post-thumbnail hentry category-ai-tools-applications\">\n<h5 class=\"wp-block-post-title\"><a href=\"https:\/\/vewoi.com\/pt\/guia-passo-a-passo-para-gerar-o-nome-perfeito-com-chatgpt\/\" target=\"_self\" >Guia passo a passo para gerar um nome perfeito com ChatGPT<\/a><\/h5>\n<\/li><li class=\"wp-block-post post-888 post type-post status-publish format-standard has-post-thumbnail hentry category-ai-tools-applications\">\n<h5 class=\"wp-block-post-title\"><a href=\"https:\/\/vewoi.com\/pt\/guia-passo-a-passo-para-gerar-nomes-de-empresas-com-chatgpt\/\" target=\"_self\" >Guia passo-a-passo para gerar um nome comercial com ChatGPT<\/a><\/h5>\n<\/li><li class=\"wp-block-post post-961 post type-post status-publish format-standard has-post-thumbnail hentry category-ai-tools-applications\">\n<h5 class=\"wp-block-post-title\"><a href=\"https:\/\/vewoi.com\/pt\/guia-passo-a-passo-para-gerar-nomes-de-dominio-com-chatgpt\/\" target=\"_self\" >Guia passo-a-passo para gerar um nome de dom\u00ednio com ChatGPT<\/a><\/h5>\n<\/li><\/ul><\/div>","protected":false},"excerpt":{"rendered":"<p>Pages Posts<\/p>","protected":false},"author":1,"featured_media":0,"parent":0,"menu_order":0,"comment_status":"closed","ping_status":"closed","template":"","meta":{"_crdt_document":"","footnotes":""},"class_list":["post-110","page","type-page","status-publish","hentry"],"_links":{"self":[{"href":"https:\/\/vewoi.com\/pt\/wp-json\/wp\/v2\/pages\/110","targetHints":{"allow":["GET"]}}],"collection":[{"href":"https:\/\/vewoi.com\/pt\/wp-json\/wp\/v2\/pages"}],"about":[{"href":"https:\/\/vewoi.com\/pt\/wp-json\/wp\/v2\/types\/page"}],"author":[{"embeddable":true,"href":"https:\/\/vewoi.com\/pt\/wp-json\/wp\/v2\/users\/1"}],"replies":[{"embeddable":true,"href":"https:\/\/vewoi.com\/pt\/wp-json\/wp\/v2\/comments?post=110"}],"version-history":[{"count":0,"href":"https:\/\/vewoi.com\/pt\/wp-json\/wp\/v2\/pages\/110\/revisions"}],"wp:attachment":[{"href":"https:\/\/vewoi.com\/pt\/wp-json\/wp\/v2\/media?parent=110"}],"curies":[{"name":"wp","href":"https:\/\/api.w.org\/{rel}","templated":true}]}}