{"id":103,"date":"2023-06-22T03:46:34","date_gmt":"2023-06-22T03:46:34","guid":{"rendered":"https:\/\/vewoi.com\/?page_id=103"},"modified":"2024-11-12T00:36:29","modified_gmt":"2024-11-12T00:36:29","slug":"sobre-nos","status":"publish","type":"page","link":"https:\/\/vewoi.com\/pt\/sobre-nos\/","title":{"rendered":"Sobre n\u00f3s"},"content":{"rendered":"<p class=\"wp-block-paragraph\">Bem-vindo ao nosso s\u00edtio Web, uma plataforma l\u00edder na intersec\u00e7\u00e3o de marketing, branding e tecnologia de IA. A nossa miss\u00e3o \u00e9 simples: clarificar os r\u00e1pidos avan\u00e7os no marketing digital e gui\u00e1-lo atrav\u00e9s da integra\u00e7\u00e3o da IA nas suas estrat\u00e9gias de marca. Fornecemos informa\u00e7\u00f5es acion\u00e1veis, guias detalhados e an\u00e1lises aprofundadas para capacitar as empresas e os indiv\u00edduos a tirar partido da IA para obter resultados de marketing impactantes.<\/p>\n\n\n\n<p class=\"wp-block-paragraph\">Numa era de r\u00e1pidos avan\u00e7os tecnol\u00f3gicos, manter-se \u00e0 frente significa abra\u00e7ar a adaptabilidade e a aprendizagem cont\u00ednua. Estamos empenhados em ser um recurso que n\u00e3o s\u00f3 informa, mas tamb\u00e9m inspira a a\u00e7\u00e3o e a inova\u00e7\u00e3o.<\/p>\n\n\n\n<p class=\"wp-block-paragraph\"><strong>Como funcionamos<\/strong><\/p>\n\n\n\n<p class=\"wp-block-paragraph\">Os nossos conte\u00fados s\u00e3o criados por especialistas com conhecimentos profundos em marketing, branding e IA. Avaliamos as mais recentes ferramentas, plataformas e estrat\u00e9gias para elevar a sua marca no panorama digital atual. Cada recomenda\u00e7\u00e3o passa por um processo de avalia\u00e7\u00e3o minucioso, incluindo:<\/p>\n\n\n\n<ul class=\"wp-block-list\">\n<li>An\u00e1lise pormenorizada e testes pr\u00e1ticos de tecnologias de IA e plataformas de marketing.<\/li>\n\n\n\n<li>Debates com l\u00edderes do sector e peritos em tecnologia para recolher perspectivas diversas.<\/li>\n\n\n\n<li>Estudo de casos pr\u00e1ticos do mundo real para compreender os efeitos pr\u00e1ticos destas tecnologias em v\u00e1rios cen\u00e1rios de marketing.<\/li>\n<\/ul>\n\n\n\n<p class=\"wp-block-paragraph\">As nossas recomenda\u00e7\u00f5es resultam de uma extensa investiga\u00e7\u00e3o, an\u00e1lise e testes em primeira m\u00e3o. O nosso objetivo \u00e9 ser a sua fonte mais fi\u00e1vel de marketing, branding e tecnologia de IA.<\/p>\n\n\n\n<p class=\"wp-block-paragraph\"><strong>O nosso compromisso para com os nossos leitores<\/strong><\/p>\n\n\n\n<p class=\"wp-block-paragraph\">A sua confian\u00e7a \u00e9 o nosso maior ativo. Fazemos recomenda\u00e7\u00f5es com os seus melhores interesses em mente, sem a influ\u00eancia de acordos de afiliados ou rela\u00e7\u00f5es publicit\u00e1rias. As solu\u00e7\u00f5es que recomendamos s\u00e3o selecionadas porque cumprem os nossos elevados padr\u00f5es de qualidade e efic\u00e1cia. Acreditamos em recomendar solu\u00e7\u00f5es que utilizar\u00edamos e recomendar\u00edamos aos nossos amigos e familiares.<\/p>\n\n\n\n<p class=\"wp-block-paragraph\">Se um produto n\u00e3o satisfizer os nossos padr\u00f5es ou se houver uma alternativa melhor, n\u00f3s dizemos-lhe. N\u00e3o ganhamos qualquer comiss\u00e3o sobre produtos devolvidos ou recomenda\u00e7\u00f5es insatisfat\u00f3rias, pelo que o nosso sucesso est\u00e1 ligado \u00e0 sua satisfa\u00e7\u00e3o e confian\u00e7a.<\/p>\n\n\n\n<p class=\"wp-block-paragraph\">O nosso compromisso vai para al\u00e9m do fornecimento de conte\u00fados. Esfor\u00e7amo-nos por ser um catalisador de mudan\u00e7a, encorajando os nossos leitores a explorar novos m\u00e9todos, a repensar as abordagens tradicionais e a abra\u00e7ar o potencial que a tecnologia oferece na cria\u00e7\u00e3o de narrativas de marca convincentes.<\/p>\n\n\n\n<p class=\"wp-block-paragraph\">Junte-se a n\u00f3s nesta viagem de descoberta e transforma\u00e7\u00e3o. Juntos, podemos moldar o futuro do marketing e da marca, aproveitando o incr\u00edvel potencial da IA para criar experi\u00eancias que ressoam, envolvem e perduram.<br><strong><br>Conhe\u00e7a a equipa<\/strong><\/p>\n\n\n\n<div class=\"wp-block-group popcorn-box-shadow popcorn-full-height has-border-color has-popcorn-element-background-background-color has-background is-layout-constrained wp-container-core-group-is-layout-05f69d13 wp-block-group-is-layout-constrained\" style=\"border-color:#000000;border-width:5px;border-radius:10px;padding-top:var(--wp--preset--spacing--20);padding-right:0;padding-bottom:var(--wp--preset--spacing--20);padding-left:0\">\n<div class=\"wp-block-group is-layout-constrained wp-container-core-group-is-layout-8e24eb78 wp-block-group-is-layout-constrained\" style=\"padding-top:0;padding-right:0.67rem;padding-bottom:var(--wp--preset--spacing--20);padding-left:0.67rem\">\n<figure class=\"wp-block-image aligncenter size-full has-custom-border is-style-default\"><img decoding=\"async\" width=\"149\" height=\"151\" src=\"https:\/\/vewoi.com\/wp-content\/uploads\/2024\/03\/Robert-Miller11.png\" alt=\"Foto de perfil de Robert Miller\" class=\"wp-image-806\" style=\"border-radius:70px\"\/><\/figure>\n\n\n\n<div class=\"wp-block-group is-layout-constrained wp-container-core-group-is-layout-8e24eb78 wp-block-group-is-layout-constrained\" style=\"padding-top:0;padding-right:0.67rem;padding-bottom:var(--wp--preset--spacing--20);padding-left:0.67rem\">\n<h2 class=\"wp-block-heading has-text-align-center has-popcorn-font-m-font-size\" style=\"text-transform:uppercase\">Robert Miller<\/h2>\n\n\n\n<p class=\"has-text-align-center has-popcorn-font-s-font-size wp-block-paragraph\" style=\"font-style:normal;font-weight:700;text-transform:uppercase\">Escritor<\/p>\n<\/div>\n\n\n\n<p class=\"has-text-align-center wp-block-paragraph\">Robert Miller \u00e9 um escritor de tecnologia freelancer e educador com experi\u00eancia em TI. Oferece cursos abrangentes de inform\u00e1tica online e presenciais, cobrindo t\u00f3picos como intelig\u00eancia artificial, Windows, Microsoft Office e ciberseguran\u00e7a. No in\u00edcio da sua carreira, emprestou os seus conhecimentos de TI a uma empresa multinacional, supervisionando a gest\u00e3o de produtos e fornecendo suporte de sistemas tanto a n\u00edvel nacional como internacional.<\/p>\n<\/div>\n<\/div>\n\n\n\n<div class=\"wp-block-group alignfull is-layout-constrained wp-container-core-group-is-layout-1ef5b0ac wp-block-group-is-layout-constrained\">\n<div class=\"wp-block-columns is-layout-flex wp-container-core-columns-is-layout-03506249 wp-block-columns-is-layout-flex\">\n<div class=\"wp-block-column has-border-color has-popcorn-quaternary-color-border-color is-layout-flow wp-block-column-is-layout-flow\">\n<div class=\"wp-block-group popcorn-box-shadow popcorn-full-height has-border-color has-popcorn-element-background-background-color has-background is-layout-constrained wp-container-core-group-is-layout-05f69d13 wp-block-group-is-layout-constrained\" style=\"border-color:#000000;border-width:5px;border-radius:10px;padding-top:var(--wp--preset--spacing--20);padding-right:0;padding-bottom:var(--wp--preset--spacing--20);padding-left:0\">\n<figure class=\"wp-block-image aligncenter size-full has-custom-border is-style-default\"><img decoding=\"async\" width=\"149\" height=\"151\" src=\"https:\/\/vewoi.com\/wp-content\/uploads\/2024\/03\/AMELIA-Smith.png\" alt=\"Foto de perfil de Amelia Smith\" class=\"wp-image-808\" style=\"border-radius:70px\"\/><\/figure>\n\n\n\n<div class=\"wp-block-group is-layout-constrained wp-container-core-group-is-layout-8e24eb78 wp-block-group-is-layout-constrained\" style=\"padding-top:0;padding-right:0.67rem;padding-bottom:var(--wp--preset--spacing--20);padding-left:0.67rem\">\n<h2 class=\"wp-block-heading has-text-align-center has-popcorn-font-m-font-size\" style=\"text-transform:uppercase\">Am\u00e9lia Smith<\/h2>\n\n\n\n<p class=\"has-text-align-center has-popcorn-font-s-font-size wp-block-paragraph\" style=\"font-style:normal;font-weight:700;text-transform:uppercase\">Escritor<\/p>\n\n\n\n<p class=\"has-text-align-center wp-block-paragraph\">Amelia Smith \u00e9 uma jornalista que vive perto de Atlanta, Ge\u00f3rgia. Nos \u00faltimos 10 anos, tem escrito sobre a forma como as empresas podem estabelecer uma melhor liga\u00e7\u00e3o com os seus clientes. Adora descobrir o que faz com que as pessoas escolham determinadas marcas e produtos. Os seus t\u00f3picos favoritos s\u00e3o a forma como as empresas contam as suas hist\u00f3rias, porque \u00e9 que as pessoas compram o que compram e como os log\u00f3tipos e os designs afectam as nossas escolhas.<\/p>\n<\/div>\n<\/div>\n<\/div>\n<\/div>\n\n\n\n<p class=\"wp-block-paragraph\">Se tiver alguma d\u00favida ou quiser entrar em contacto connosco, utilize o nosso<a href=\"https:\/\/vewoi.com\/pt\/contacte-nos\/\"> P\u00e1gina de contacto localizada aqui<\/a>. Valorizamos e aguardamos com expetativa os vossos coment\u00e1rios e sugest\u00f5es construtivas.<\/p>\n<\/div>","protected":false},"excerpt":{"rendered":"<p>Welcome to our website, a leading platform at the intersection of marketing, branding and AI technology. Our mission is simple: to clarify the rapid advancements in digital marketing and guide you through integrating AI into your brand strategies. We provide actionable insights, in-depth guides, and in-depth reviews to empower businesses and individuals to leverage AI [&hellip;]<\/p>\n","protected":false},"author":2,"featured_media":0,"parent":0,"menu_order":0,"comment_status":"closed","ping_status":"closed","template":"","meta":{"_crdt_document":"","footnotes":""},"class_list":["post-103","page","type-page","status-publish","hentry"],"_links":{"self":[{"href":"https:\/\/vewoi.com\/pt\/wp-json\/wp\/v2\/pages\/103","targetHints":{"allow":["GET"]}}],"collection":[{"href":"https:\/\/vewoi.com\/pt\/wp-json\/wp\/v2\/pages"}],"about":[{"href":"https:\/\/vewoi.com\/pt\/wp-json\/wp\/v2\/types\/page"}],"author":[{"embeddable":true,"href":"https:\/\/vewoi.com\/pt\/wp-json\/wp\/v2\/users\/2"}],"replies":[{"embeddable":true,"href":"https:\/\/vewoi.com\/pt\/wp-json\/wp\/v2\/comments?post=103"}],"version-history":[{"count":0,"href":"https:\/\/vewoi.com\/pt\/wp-json\/wp\/v2\/pages\/103\/revisions"}],"wp:attachment":[{"href":"https:\/\/vewoi.com\/pt\/wp-json\/wp\/v2\/media?parent=103"}],"curies":[{"name":"wp","href":"https:\/\/api.w.org\/{rel}","templated":true}]}}