{"id":110,"date":"2023-06-22T04:04:14","date_gmt":"2023-06-22T04:04:14","guid":{"rendered":"https:\/\/vewoi.com\/?page_id=110"},"modified":"2023-07-28T07:51:51","modified_gmt":"2023-07-28T07:51:51","slug":"sitemap","status":"publish","type":"page","link":"https:\/\/vewoi.com\/pl\/sitemap\/","title":{"rendered":"Sitemap"},"content":{"rendered":"<h2 class=\"wp-block-heading\"><strong>Pages<\/strong><\/h2>\n\n\n\n<div class=\"wp-block-query is-layout-flow wp-block-query-is-layout-flow\"><ul class=\"wp-block-post-template is-layout-flow wp-block-post-template-is-layout-flow\"><li class=\"wp-block-post post-1142 page type-page status-publish hentry\">\n<h5 class=\"wp-block-post-title\"><a href=\"https:\/\/vewoi.com\/pl\/nota-prawna\/\" target=\"_self\" >Nota prawna<\/a><\/h5>\n<\/li><li class=\"wp-block-post post-110 page type-page status-publish hentry\">\n<h5 class=\"wp-block-post-title\"><a href=\"https:\/\/vewoi.com\/pl\/sitemap\/\" target=\"_self\" >Sitemap<\/a><\/h5>\n<\/li><li class=\"wp-block-post post-103 page type-page status-publish hentry\">\n<h5 class=\"wp-block-post-title\"><a href=\"https:\/\/vewoi.com\/pl\/o-nas\/\" target=\"_self\" >About Us<\/a><\/h5>\n<\/li><li class=\"wp-block-post post-99 page type-page status-publish hentry\">\n<h5 class=\"wp-block-post-title\"><a href=\"https:\/\/vewoi.com\/pl\/zastrzezenie-prawne\/\" target=\"_self\" >Zastrze\u017cenie<\/a><\/h5>\n<\/li><li class=\"wp-block-post post-55 page type-page status-publish hentry\">\n<h5 class=\"wp-block-post-title\"><a href=\"https:\/\/vewoi.com\/pl\/skontaktuj-sie-z-nami\/\" target=\"_self\" >Contact Us<\/a><\/h5>\n<\/li><li class=\"wp-block-post post-50 page type-page status-publish hentry\">\n<h5 class=\"wp-block-post-title\"><a href=\"https:\/\/vewoi.com\/pl\/polityka-prywatnosci\/\" target=\"_self\" >Privacy Policy<\/a><\/h5>\n<\/li><\/ul><\/div>\n\n\n\n<h2 class=\"wp-block-heading\">Posts<\/h2>\n\n\n\n<div class=\"wp-block-query is-layout-flow wp-block-query-is-layout-flow\"><ul class=\"wp-block-post-template is-layout-flow wp-block-post-template-is-layout-flow\"><li class=\"wp-block-post post-1069 post type-post status-publish format-standard has-post-thumbnail hentry category-ai-tools-applications\">\n<h5 class=\"wp-block-post-title\"><a href=\"https:\/\/vewoi.com\/pl\/najlepsze-polecenia-chatgpt-do-generowania-obrazow-ai\/\" target=\"_self\" >Mistrzowskie prompty ChatGPT do generowania obraz\u00f3w<\/a><\/h5>\n<\/li><li class=\"wp-block-post post-1024 post type-post status-publish format-standard has-post-thumbnail hentry category-ai-tools-applications\">\n<h5 class=\"wp-block-post-title\"><a href=\"https:\/\/vewoi.com\/pl\/opanowanie-wyceny-stron-internetowych-z-chatgpt\/\" target=\"_self\" >Opanowanie oceny stron internetowych za pomoc\u0105 ChatGPT<\/a><\/h5>\n<\/li><li class=\"wp-block-post post-1103 post type-post status-publish format-standard has-post-thumbnail hentry category-ai-tools-applications\">\n<h5 class=\"wp-block-post-title\"><a href=\"https:\/\/vewoi.com\/pl\/jak-zaprojektowac-logo-za-pomoca-chatgpt\/\" target=\"_self\" >Jak zaprojektowa\u0107 logo za pomoc\u0105 ChatGPT<\/a><\/h5>\n<\/li><li class=\"wp-block-post post-1062 post type-post status-publish format-standard has-post-thumbnail hentry category-uncategorized\">\n<h5 class=\"wp-block-post-title\"><a href=\"https:\/\/vewoi.com\/pl\/jak-uzywac-chatgpt-do-technik-mnemonicznych\/\" target=\"_self\" >Jak u\u017cywa\u0107 ChatGPT do mnemotechnik<\/a><\/h5>\n<\/li><li class=\"wp-block-post post-1051 post type-post status-publish format-standard has-post-thumbnail hentry category-ai-tools-applications\">\n<h5 class=\"wp-block-post-title\"><a href=\"https:\/\/vewoi.com\/pl\/jak-wykryc-kod-napisany-przez-si-za-pomoca-chatgpt\/\" target=\"_self\" >Jak wykry\u0107 kod napisany przez sztuczn\u0105 inteligencj\u0119 za pomoc\u0105 ChatGPT<\/a><\/h5>\n<\/li><li class=\"wp-block-post post-1045 post type-post status-publish format-standard has-post-thumbnail hentry category-ai-tools-applications\">\n<h5 class=\"wp-block-post-title\"><a href=\"https:\/\/vewoi.com\/pl\/podpowiedzi-chatgpt-do-burzy-mozgow-nad-nazwami\/\" target=\"_self\" >8 podpowiedzi ChatGPT do burzy m\u00f3zg\u00f3w na temat imion<\/a><\/h5>\n<\/li><li class=\"wp-block-post post-865 post type-post status-publish format-standard has-post-thumbnail hentry category-digital-marketing\">\n<h5 class=\"wp-block-post-title\"><a href=\"https:\/\/vewoi.com\/pl\/marketing-influencerow-i-seo-jak-wykorzystac-influencerow-do-zwiekszenia-widocznosci-w-wyszukiwarkach\/\" target=\"_self\" >Influencer Marketing i SEO: Jak wykorzysta\u0107 influencer\u00f3w dla lepszej widoczno\u015bci w wyszukiwarkach?<\/a><\/h5>\n<\/li><li class=\"wp-block-post post-857 post type-post status-publish format-standard has-post-thumbnail hentry category-digital-marketing\">\n<h5 class=\"wp-block-post-title\"><a href=\"https:\/\/vewoi.com\/pl\/seo-dla-widocznosci-marki-optymalizacja-tresci-online-w-celu-zwiekszenia-widocznosci-w-wyszukiwarkach\/\" target=\"_self\" >SEO dla widoczno\u015bci marki: Optymalizacja tre\u015bci online w celu zwi\u0119kszenia widoczno\u015bci marki w wyszukiwarkach<\/a><\/h5>\n<\/li><li class=\"wp-block-post post-856 post type-post status-publish format-standard has-post-thumbnail hentry category-brand-development\">\n<h5 class=\"wp-block-post-title\"><a href=\"https:\/\/vewoi.com\/pl\/taktyki-marketingowe-marek-luksusowych\/\" target=\"_self\" >Taktyki marketingowe marek luksusowych<\/a><\/h5>\n<\/li><li class=\"wp-block-post post-855 post type-post status-publish format-standard has-post-thumbnail hentry category-brand-development\">\n<h5 class=\"wp-block-post-title\"><a href=\"https:\/\/vewoi.com\/pl\/rozwoj-strategii-marki-oparty-na-danych\/\" target=\"_self\" >Rozw\u00f3j strategii marki w oparciu o dane<\/a><\/h5>\n<\/li><li class=\"wp-block-post post-847 post type-post status-publish format-standard has-post-thumbnail hentry category-brand-development\">\n<h5 class=\"wp-block-post-title\"><a href=\"https:\/\/vewoi.com\/pl\/personal-branding-dla-przedsiebiorcow\/\" target=\"_self\" >Branding osobisty dla przedsi\u0119biorc\u00f3w<\/a><\/h5>\n<\/li><li class=\"wp-block-post post-839 post type-post status-publish format-standard has-post-thumbnail hentry category-brand-development\">\n<h5 class=\"wp-block-post-title\"><a href=\"https:\/\/vewoi.com\/pl\/pomiar-wartosci-i-skutecznosci-marki\/\" target=\"_self\" >Pomiar warto\u015bci i skuteczno\u015bci marki<\/a><\/h5>\n<\/li><li class=\"wp-block-post post-836 post type-post status-publish format-standard has-post-thumbnail hentry category-brand-development\">\n<h5 class=\"wp-block-post-title\"><a href=\"https:\/\/vewoi.com\/pl\/rozwoj-strategii-marki-opartej-na-danych\/\" target=\"_self\" >Strategie i rozwa\u017cania dotycz\u0105ce rebrandingu<\/a><\/h5>\n<\/li><li class=\"wp-block-post post-834 post type-post status-publish format-standard has-post-thumbnail hentry category-brand-development\">\n<h5 class=\"wp-block-post-title\"><a href=\"https:\/\/vewoi.com\/pl\/rozwoj-glosu-i-tonu-dla-marek\/\" target=\"_self\" >Rozw\u00f3j g\u0142osu i tonu dla marek<\/a><\/h5>\n<\/li><li class=\"wp-block-post post-832 post type-post status-publish format-standard has-post-thumbnail hentry category-brand-development\">\n<h5 class=\"wp-block-post-title\"><a href=\"https:\/\/vewoi.com\/pl\/techniki-neuromarketingu-w-brandingu\/\" target=\"_self\" >Techniki neuromarketingowe w brandingu<\/a><\/h5>\n<\/li><li class=\"wp-block-post post-827 post type-post status-publish format-standard has-post-thumbnail hentry category-brand-development\">\n<h5 class=\"wp-block-post-title\"><a href=\"https:\/\/vewoi.com\/pl\/wplyw-nazw-marek-na-zaufanie-konsumentow\/\" target=\"_self\" >Wp\u0142yw nazw marek na zaufanie konsument\u00f3w<\/a><\/h5>\n<\/li><li class=\"wp-block-post post-1008 post type-post status-publish format-standard has-post-thumbnail hentry category-ai-tools-applications\">\n<h5 class=\"wp-block-post-title\"><a href=\"https:\/\/vewoi.com\/pl\/przewodnik-krok-po-kroku-jak-stworzyc-idealne-nazwy-z-chatgpt\/\" target=\"_self\" >Przewodnik krok po kroku jak wygenerowa\u0107 idealn\u0105 nazw\u0119 z ChatGPT<\/a><\/h5>\n<\/li><li class=\"wp-block-post post-888 post type-post status-publish format-standard has-post-thumbnail hentry category-ai-tools-applications\">\n<h5 class=\"wp-block-post-title\"><a href=\"https:\/\/vewoi.com\/pl\/przewodnik-krok-po-kroku-jak-stworzyc-nazwe-firmy-z-chatgpt\/\" target=\"_self\" >Przewodnik krok po kroku dotycz\u0105cy generowania nazwy firmy za pomoc\u0105 ChatGPT<\/a><\/h5>\n<\/li><li class=\"wp-block-post post-961 post type-post status-publish format-standard has-post-thumbnail hentry category-ai-tools-applications\">\n<h5 class=\"wp-block-post-title\"><a href=\"https:\/\/vewoi.com\/pl\/przewodnik-krok-po-kroku-jak-stworzyc-nazwe-domeny-z-chatgpt\/\" target=\"_self\" >Przewodnik krok po kroku dotycz\u0105cy generowania nazwy domeny z ChatGPT<\/a><\/h5>\n<\/li><\/ul><\/div>","protected":false},"excerpt":{"rendered":"<p>Pages Posts<\/p>","protected":false},"author":1,"featured_media":0,"parent":0,"menu_order":0,"comment_status":"closed","ping_status":"closed","template":"","meta":{"_crdt_document":"","footnotes":""},"class_list":["post-110","page","type-page","status-publish","hentry"],"_links":{"self":[{"href":"https:\/\/vewoi.com\/pl\/wp-json\/wp\/v2\/pages\/110","targetHints":{"allow":["GET"]}}],"collection":[{"href":"https:\/\/vewoi.com\/pl\/wp-json\/wp\/v2\/pages"}],"about":[{"href":"https:\/\/vewoi.com\/pl\/wp-json\/wp\/v2\/types\/page"}],"author":[{"embeddable":true,"href":"https:\/\/vewoi.com\/pl\/wp-json\/wp\/v2\/users\/1"}],"replies":[{"embeddable":true,"href":"https:\/\/vewoi.com\/pl\/wp-json\/wp\/v2\/comments?post=110"}],"version-history":[{"count":0,"href":"https:\/\/vewoi.com\/pl\/wp-json\/wp\/v2\/pages\/110\/revisions"}],"wp:attachment":[{"href":"https:\/\/vewoi.com\/pl\/wp-json\/wp\/v2\/media?parent=110"}],"curies":[{"name":"wp","href":"https:\/\/api.w.org\/{rel}","templated":true}]}}