{"id":1142,"date":"2024-11-13T02:42:10","date_gmt":"2024-11-13T02:42:10","guid":{"rendered":"https:\/\/vewoi.com\/?page_id=1142"},"modified":"2024-11-13T18:55:27","modified_gmt":"2024-11-13T18:55:27","slug":"mentions-legales","status":"publish","type":"page","link":"https:\/\/vewoi.com\/fr\/mentions-legales\/","title":{"rendered":"Avis juridique"},"content":{"rendered":"<p class=\"wp-block-paragraph\"><strong>Conform\u00e9ment \u00e0 l'article 5 du TMG<\/strong><\/p>\n\n\n\n<p class=\"wp-block-paragraph\">VEWOI<br>Propri\u00e9taire : Gherman Zolotcov<br>Vogelsbergstra\u00dfe 33<br>60316 Francfort-sur-le-Main<br>Allemagne<\/p>\n\n\n\n<p class=\"wp-block-paragraph\"><strong>Contact :<\/strong><br>T\u00e9l\u00e9phone : 01722050476<br>Courriel : contact@vewoi.com<\/p>\n\n\n\n<p class=\"wp-block-paragraph\"><strong>VAT-ID :<\/strong><br>Num\u00e9ro d'identification de la taxe sur les ventes conform\u00e9ment \u00e0 l'article 27a de la loi sur la taxe sur la valeur ajout\u00e9e : DE 301 618 497<\/p>\n\n\n\n<p class=\"wp-block-paragraph\"><strong>R\u00e9solution des litiges<\/strong><br>Nous ne sommes ni dispos\u00e9s ni oblig\u00e9s de participer \u00e0 une proc\u00e9dure de r\u00e9solution des litiges devant une commission d'arbitrage des consommateurs.<\/p>","protected":false},"excerpt":{"rendered":"<p>According to \u00a7 5 TMG VEWOIOwner: Gherman ZolotcovVogelsbergstra\u00dfe 3360316 Frankfurt am MainGermany Contact:Telephone: 01722050476Email: contact@vewoi.com VAT-ID:Sales tax identification number according to \u00a727a Value Added Tax Act: DE 301 618 497 Dispute ResolutionWe are neither willing nor obligated to participate in dispute resolution proceedings before a consumer arbitration board.<\/p>","protected":false},"author":1,"featured_media":0,"parent":0,"menu_order":0,"comment_status":"closed","ping_status":"closed","template":"","meta":{"_crdt_document":"","footnotes":""},"class_list":["post-1142","page","type-page","status-publish","hentry"],"_links":{"self":[{"href":"https:\/\/vewoi.com\/fr\/wp-json\/wp\/v2\/pages\/1142","targetHints":{"allow":["GET"]}}],"collection":[{"href":"https:\/\/vewoi.com\/fr\/wp-json\/wp\/v2\/pages"}],"about":[{"href":"https:\/\/vewoi.com\/fr\/wp-json\/wp\/v2\/types\/page"}],"author":[{"embeddable":true,"href":"https:\/\/vewoi.com\/fr\/wp-json\/wp\/v2\/users\/1"}],"replies":[{"embeddable":true,"href":"https:\/\/vewoi.com\/fr\/wp-json\/wp\/v2\/comments?post=1142"}],"version-history":[{"count":0,"href":"https:\/\/vewoi.com\/fr\/wp-json\/wp\/v2\/pages\/1142\/revisions"}],"wp:attachment":[{"href":"https:\/\/vewoi.com\/fr\/wp-json\/wp\/v2\/media?parent=1142"}],"curies":[{"name":"wp","href":"https:\/\/api.w.org\/{rel}","templated":true}]}}