{"id":110,"date":"2023-06-22T04:04:14","date_gmt":"2023-06-22T04:04:14","guid":{"rendered":"https:\/\/vewoi.com\/?page_id=110"},"modified":"2023-07-28T07:51:51","modified_gmt":"2023-07-28T07:51:51","slug":"sitemap","status":"publish","type":"page","link":"https:\/\/vewoi.com\/fr\/sitemap\/","title":{"rendered":"Plan du site"},"content":{"rendered":"<h2 class=\"wp-block-heading\"><strong>Pages<\/strong><\/h2>\n\n\n\n<div class=\"wp-block-query is-layout-flow wp-block-query-is-layout-flow\"><ul class=\"wp-block-post-template is-layout-flow wp-block-post-template-is-layout-flow\"><li class=\"wp-block-post post-1142 page type-page status-publish hentry\">\n<h5 class=\"wp-block-post-title\"><a href=\"https:\/\/vewoi.com\/fr\/mentions-legales\/\" target=\"_self\" >Avis juridique<\/a><\/h5>\n<\/li><li class=\"wp-block-post post-110 page type-page status-publish hentry\">\n<h5 class=\"wp-block-post-title\"><a href=\"https:\/\/vewoi.com\/fr\/sitemap\/\" target=\"_self\" >Plan du site<\/a><\/h5>\n<\/li><li class=\"wp-block-post post-103 page type-page status-publish hentry\">\n<h5 class=\"wp-block-post-title\"><a href=\"https:\/\/vewoi.com\/fr\/a-propos-de-nous\/\" target=\"_self\" >About Us<\/a><\/h5>\n<\/li><li class=\"wp-block-post post-99 page type-page status-publish hentry\">\n<h5 class=\"wp-block-post-title\"><a href=\"https:\/\/vewoi.com\/fr\/avis-de-non-responsabilite\/\" target=\"_self\" >Clause de non-responsabilit\u00e9<\/a><\/h5>\n<\/li><li class=\"wp-block-post post-55 page type-page status-publish hentry\">\n<h5 class=\"wp-block-post-title\"><a href=\"https:\/\/vewoi.com\/fr\/contactez-nous\/\" target=\"_self\" >Contact Us<\/a><\/h5>\n<\/li><li class=\"wp-block-post post-50 page type-page status-publish hentry\">\n<h5 class=\"wp-block-post-title\"><a href=\"https:\/\/vewoi.com\/fr\/politique-de-confidentialite\/\" target=\"_self\" >Privacy Policy<\/a><\/h5>\n<\/li><\/ul><\/div>\n\n\n\n<h2 class=\"wp-block-heading\">Posts<\/h2>\n\n\n\n<div class=\"wp-block-query is-layout-flow wp-block-query-is-layout-flow\"><ul class=\"wp-block-post-template is-layout-flow wp-block-post-template-is-layout-flow\"><li class=\"wp-block-post post-1069 post type-post status-publish format-standard has-post-thumbnail hentry category-ai-tools-applications\">\n<h5 class=\"wp-block-post-title\"><a href=\"https:\/\/vewoi.com\/fr\/meilleurs-prompts-chatgpt-pour-la-generation-dimages-par-ia\/\" target=\"_self\" >Guide Ultime des Prompts ChatGPT pour la Cr\u00e9ation d'Images<\/a><\/h5>\n<\/li><li class=\"wp-block-post post-1024 post type-post status-publish format-standard has-post-thumbnail hentry category-ai-tools-applications\">\n<h5 class=\"wp-block-post-title\"><a href=\"https:\/\/vewoi.com\/fr\/maitriser-levaluation-de-sites-web-avec-chatgpt\/\" target=\"_self\" >Ma\u00eetriser l'\u00e9valuation des sites web avec ChatGPT<\/a><\/h5>\n<\/li><li class=\"wp-block-post post-1103 post type-post status-publish format-standard has-post-thumbnail hentry category-ai-tools-applications\">\n<h5 class=\"wp-block-post-title\"><a href=\"https:\/\/vewoi.com\/fr\/comment-concevoir-un-logo-avec-chatgpt\/\" target=\"_self\" >Comment cr\u00e9er un logo avec ChatGPT<\/a><\/h5>\n<\/li><li class=\"wp-block-post post-1062 post type-post status-publish format-standard has-post-thumbnail hentry category-uncategorized\">\n<h5 class=\"wp-block-post-title\"><a href=\"https:\/\/vewoi.com\/fr\/comment-utiliser-chatgpt-pour-les-moyens-mnemotechniques\/\" target=\"_self\" >Comment utiliser ChatGPT pour la mn\u00e9motechnique ?<\/a><\/h5>\n<\/li><li class=\"wp-block-post post-1051 post type-post status-publish format-standard has-post-thumbnail hentry category-ai-tools-applications\">\n<h5 class=\"wp-block-post-title\"><a href=\"https:\/\/vewoi.com\/fr\/comment-detecter-le-code-ecrit-par-lia-avec-chatgpt\/\" target=\"_self\" >Comment d\u00e9tecter le code \u00e9crit par l'IA avec ChatGPT<\/a><\/h5>\n<\/li><li class=\"wp-block-post post-1045 post type-post status-publish format-standard has-post-thumbnail hentry category-ai-tools-applications\">\n<h5 class=\"wp-block-post-title\"><a href=\"https:\/\/vewoi.com\/fr\/prompts-chatgpt-pour-le-brainstorming-de-noms\/\" target=\"_self\" >8 id\u00e9es de ChatGPT pour un remue-m\u00e9ninges sur les noms<\/a><\/h5>\n<\/li><li class=\"wp-block-post post-865 post type-post status-publish format-standard has-post-thumbnail hentry category-digital-marketing\">\n<h5 class=\"wp-block-post-title\"><a href=\"https:\/\/vewoi.com\/fr\/marketing-dinfluence-et-seo-comment-exploiter-les-influenceurs-pour-une-meilleure-visibilite-sur-les-moteurs-de-recherche\/\" target=\"_self\" >Marketing d'influence et SEO : Comment tirer parti des influenceurs pour une meilleure visibilit\u00e9 dans les moteurs de recherche ?<\/a><\/h5>\n<\/li><li class=\"wp-block-post post-857 post type-post status-publish format-standard has-post-thumbnail hentry category-digital-marketing\">\n<h5 class=\"wp-block-post-title\"><a href=\"https:\/\/vewoi.com\/fr\/seo-pour-la-visibilite-de-marque-optimisation-du-contenu-en-ligne-pour-ameliorer-la-visibilite-sur-les-moteurs-de-recherche\/\" target=\"_self\" >SEO pour la visibilit\u00e9 de la marque : Optimiser le contenu en ligne pour augmenter la visibilit\u00e9 de la marque sur les moteurs de recherche<\/a><\/h5>\n<\/li><li class=\"wp-block-post post-856 post type-post status-publish format-standard has-post-thumbnail hentry category-brand-development\">\n<h5 class=\"wp-block-post-title\"><a href=\"https:\/\/vewoi.com\/fr\/tactiques-marketing-pour-les-marques-de-luxe\/\" target=\"_self\" >Tactiques de marketing pour les marques de luxe<\/a><\/h5>\n<\/li><li class=\"wp-block-post post-855 post type-post status-publish format-standard has-post-thumbnail hentry category-brand-development\">\n<h5 class=\"wp-block-post-title\"><a href=\"https:\/\/vewoi.com\/fr\/developpement-de-strategie-de-marque-basee-sur-les-donnees\/\" target=\"_self\" >D\u00e9veloppement d'une strat\u00e9gie de marque bas\u00e9e sur les donn\u00e9es<\/a><\/h5>\n<\/li><li class=\"wp-block-post post-847 post type-post status-publish format-standard has-post-thumbnail hentry category-brand-development\">\n<h5 class=\"wp-block-post-title\"><a href=\"https:\/\/vewoi.com\/fr\/image-de-marque-personnelle-pour-entrepreneurs\/\" target=\"_self\" >Personal Branding pour les entrepreneurs<\/a><\/h5>\n<\/li><li class=\"wp-block-post post-839 post type-post status-publish format-standard has-post-thumbnail hentry category-brand-development\">\n<h5 class=\"wp-block-post-title\"><a href=\"https:\/\/vewoi.com\/fr\/mesure-de-la-valeur-et-de-lefficacite-de-la-marque\/\" target=\"_self\" >Mesurer le capital et l'efficacit\u00e9 de la marque<\/a><\/h5>\n<\/li><li class=\"wp-block-post post-836 post type-post status-publish format-standard has-post-thumbnail hentry category-brand-development\">\n<h5 class=\"wp-block-post-title\"><a href=\"https:\/\/vewoi.com\/fr\/developpement-de-strategie-de-marque-basee-sur-les-donnees-2\/\" target=\"_self\" >Strat\u00e9gies de rebranding et consid\u00e9rations<\/a><\/h5>\n<\/li><li class=\"wp-block-post post-834 post type-post status-publish format-standard has-post-thumbnail hentry category-brand-development\">\n<h5 class=\"wp-block-post-title\"><a href=\"https:\/\/vewoi.com\/fr\/developpement-de-la-voix-et-du-ton-pour-les-marques\/\" target=\"_self\" >D\u00e9veloppement de la voix et du ton pour les marques<\/a><\/h5>\n<\/li><li class=\"wp-block-post post-832 post type-post status-publish format-standard has-post-thumbnail hentry category-brand-development\">\n<h5 class=\"wp-block-post-title\"><a href=\"https:\/\/vewoi.com\/fr\/techniques-de-neuromarketing-dans-la-gestion-de-marque\/\" target=\"_self\" >Techniques de neuromarketing dans le domaine de l'image de marque<\/a><\/h5>\n<\/li><li class=\"wp-block-post post-827 post type-post status-publish format-standard has-post-thumbnail hentry category-brand-development\">\n<h5 class=\"wp-block-post-title\"><a href=\"https:\/\/vewoi.com\/fr\/leffet-des-noms-de-marque-sur-la-confiance-des-consommateurs\/\" target=\"_self\" >L'effet des noms de marque sur la confiance des consommateurs<\/a><\/h5>\n<\/li><li class=\"wp-block-post post-1008 post type-post status-publish format-standard has-post-thumbnail hentry category-ai-tools-applications\">\n<h5 class=\"wp-block-post-title\"><a href=\"https:\/\/vewoi.com\/fr\/guide-etape-par-etape-pour-generer-le-nom-parfait-avec-chatgpt\/\" target=\"_self\" >Guide \u00e9tape par \u00e9tape pour g\u00e9n\u00e9rer un nom parfait avec ChatGPT<\/a><\/h5>\n<\/li><li class=\"wp-block-post post-888 post type-post status-publish format-standard has-post-thumbnail hentry category-ai-tools-applications\">\n<h5 class=\"wp-block-post-title\"><a href=\"https:\/\/vewoi.com\/fr\/guide-etape-par-etape-pour-generer-un-nom-dentreprise-avec-chatgpt\/\" target=\"_self\" >Guide \u00e9tape par \u00e9tape pour g\u00e9n\u00e9rer un nom d'entreprise avec ChatGPT<\/a><\/h5>\n<\/li><li class=\"wp-block-post post-961 post type-post status-publish format-standard has-post-thumbnail hentry category-ai-tools-applications\">\n<h5 class=\"wp-block-post-title\"><a href=\"https:\/\/vewoi.com\/fr\/guide-etape-par-etape-pour-generer-un-nom-de-domaine-avec-chatgpt\/\" target=\"_self\" >Guide \u00e9tape par \u00e9tape pour g\u00e9n\u00e9rer un nom de domaine avec ChatGPT<\/a><\/h5>\n<\/li><\/ul><\/div>","protected":false},"excerpt":{"rendered":"<p>Pages Posts<\/p>","protected":false},"author":1,"featured_media":0,"parent":0,"menu_order":0,"comment_status":"closed","ping_status":"closed","template":"","meta":{"_crdt_document":"","footnotes":""},"class_list":["post-110","page","type-page","status-publish","hentry"],"_links":{"self":[{"href":"https:\/\/vewoi.com\/fr\/wp-json\/wp\/v2\/pages\/110","targetHints":{"allow":["GET"]}}],"collection":[{"href":"https:\/\/vewoi.com\/fr\/wp-json\/wp\/v2\/pages"}],"about":[{"href":"https:\/\/vewoi.com\/fr\/wp-json\/wp\/v2\/types\/page"}],"author":[{"embeddable":true,"href":"https:\/\/vewoi.com\/fr\/wp-json\/wp\/v2\/users\/1"}],"replies":[{"embeddable":true,"href":"https:\/\/vewoi.com\/fr\/wp-json\/wp\/v2\/comments?post=110"}],"version-history":[{"count":0,"href":"https:\/\/vewoi.com\/fr\/wp-json\/wp\/v2\/pages\/110\/revisions"}],"wp:attachment":[{"href":"https:\/\/vewoi.com\/fr\/wp-json\/wp\/v2\/media?parent=110"}],"curies":[{"name":"wp","href":"https:\/\/api.w.org\/{rel}","templated":true}]}}