{"id":110,"date":"2023-06-22T04:04:14","date_gmt":"2023-06-22T04:04:14","guid":{"rendered":"https:\/\/vewoi.com\/?page_id=110"},"modified":"2023-07-28T07:51:51","modified_gmt":"2023-07-28T07:51:51","slug":"sitemap","status":"publish","type":"page","link":"https:\/\/vewoi.com\/es\/sitemap\/","title":{"rendered":"Mapa del sitio"},"content":{"rendered":"<h2 class=\"wp-block-heading\"><strong>Pages<\/strong><\/h2>\n\n\n\n<div class=\"wp-block-query is-layout-flow wp-block-query-is-layout-flow\"><ul class=\"wp-block-post-template is-layout-flow wp-block-post-template-is-layout-flow\"><li class=\"wp-block-post post-1142 page type-page status-publish hentry\">\n<h5 class=\"wp-block-post-title\"><a href=\"https:\/\/vewoi.com\/es\/aviso-legal\/\" target=\"_self\" >Menciones legales<\/a><\/h5>\n<\/li><li class=\"wp-block-post post-110 page type-page status-publish hentry\">\n<h5 class=\"wp-block-post-title\"><a href=\"https:\/\/vewoi.com\/es\/sitemap\/\" target=\"_self\" >Mapa del sitio<\/a><\/h5>\n<\/li><li class=\"wp-block-post post-103 page type-page status-publish hentry\">\n<h5 class=\"wp-block-post-title\"><a href=\"https:\/\/vewoi.com\/es\/sobre-nosotros\/\" target=\"_self\" >Qui\u00e9nes somos<\/a><\/h5>\n<\/li><li class=\"wp-block-post post-99 page type-page status-publish hentry\">\n<h5 class=\"wp-block-post-title\"><a href=\"https:\/\/vewoi.com\/es\/aviso-legal-2\/\" target=\"_self\" >Descargo de responsabilidad<\/a><\/h5>\n<\/li><li class=\"wp-block-post post-55 page type-page status-publish hentry\">\n<h5 class=\"wp-block-post-title\"><a href=\"https:\/\/vewoi.com\/es\/contacto\/\" target=\"_self\" >P\u00f3ngase en contacto con nosotros<\/a><\/h5>\n<\/li><li class=\"wp-block-post post-50 page type-page status-publish hentry\">\n<h5 class=\"wp-block-post-title\"><a href=\"https:\/\/vewoi.com\/es\/politica-de-privacidad\/\" target=\"_self\" >Pol\u00edtica de privacidad<\/a><\/h5>\n<\/li><\/ul><\/div>\n\n\n\n<h2 class=\"wp-block-heading\">Posts<\/h2>\n\n\n\n<div class=\"wp-block-query is-layout-flow wp-block-query-is-layout-flow\"><ul class=\"wp-block-post-template is-layout-flow wp-block-post-template-is-layout-flow\"><li class=\"wp-block-post post-1069 post type-post status-publish format-standard has-post-thumbnail hentry category-ai-tools-applications\">\n<h5 class=\"wp-block-post-title\"><a href=\"https:\/\/vewoi.com\/es\/los-mejores-prompts-de-chatgpt-para-generacion-de-imagenes-con-ia\/\" target=\"_self\" >Los prompts m\u00e1s efectivos para crear im\u00e1genes con ChatGPT<\/a><\/h5>\n<\/li><li class=\"wp-block-post post-1024 post type-post status-publish format-standard has-post-thumbnail hentry category-ai-tools-applications\">\n<h5 class=\"wp-block-post-title\"><a href=\"https:\/\/vewoi.com\/es\/dominando-la-valoracion-de-sitios-web-con-chatgpt\/\" target=\"_self\" >Dominar la valoraci\u00f3n de sitios web con ChatGPT<\/a><\/h5>\n<\/li><li class=\"wp-block-post post-1103 post type-post status-publish format-standard has-post-thumbnail hentry category-ai-tools-applications\">\n<h5 class=\"wp-block-post-title\"><a href=\"https:\/\/vewoi.com\/es\/como-disenar-un-logotipo-con-chatgpt\/\" target=\"_self\" >C\u00f3mo dise\u00f1ar un logotipo con ChatGPT<\/a><\/h5>\n<\/li><li class=\"wp-block-post post-1062 post type-post status-publish format-standard has-post-thumbnail hentry category-uncategorized\">\n<h5 class=\"wp-block-post-title\"><a href=\"https:\/\/vewoi.com\/es\/como-usar-chatgpt-para-tecnicas-mnemotecnicas\/\" target=\"_self\" >C\u00f3mo utilizar ChatGPT para mnemotecnia<\/a><\/h5>\n<\/li><li class=\"wp-block-post post-1051 post type-post status-publish format-standard has-post-thumbnail hentry category-ai-tools-applications\">\n<h5 class=\"wp-block-post-title\"><a href=\"https:\/\/vewoi.com\/es\/como-detectar-codigo-escrito-por-ia-con-chatgpt\/\" target=\"_self\" >C\u00f3mo detectar c\u00f3digo escrito por inteligencia artificial con ChatGPT<\/a><\/h5>\n<\/li><li class=\"wp-block-post post-1045 post type-post status-publish format-standard has-post-thumbnail hentry category-ai-tools-applications\">\n<h5 class=\"wp-block-post-title\"><a href=\"https:\/\/vewoi.com\/es\/prompts-de-chatgpt-para-lluvia-de-ideas-de-nombres\/\" target=\"_self\" >8 sugerencias de ChatGPT para una lluvia de ideas sobre nombres<\/a><\/h5>\n<\/li><li class=\"wp-block-post post-865 post type-post status-publish format-standard has-post-thumbnail hentry category-digital-marketing\">\n<h5 class=\"wp-block-post-title\"><a href=\"https:\/\/vewoi.com\/es\/marketing-de-influencers-y-seo-como-aprovechar-a-los-influencers-para-mejorar-la-visibilidad-en-buscadores\/\" target=\"_self\" >Marketing de influencers y SEO: C\u00f3mo aprovechar a los influencers para mejorar la visibilidad en las b\u00fasquedas<\/a><\/h5>\n<\/li><li class=\"wp-block-post post-857 post type-post status-publish format-standard has-post-thumbnail hentry category-digital-marketing\">\n<h5 class=\"wp-block-post-title\"><a href=\"https:\/\/vewoi.com\/es\/seo-para-visibilidad-de-marca-optimizacion-de-contenido-online-para-aumentar-la-visibilidad-en-motores-de-busqueda\/\" target=\"_self\" >SEO para la visibilidad de marca: Optimizaci\u00f3n del contenido en l\u00ednea para aumentar la visibilidad de la marca en los motores de b\u00fasqueda<\/a><\/h5>\n<\/li><li class=\"wp-block-post post-856 post type-post status-publish format-standard has-post-thumbnail hentry category-brand-development\">\n<h5 class=\"wp-block-post-title\"><a href=\"https:\/\/vewoi.com\/es\/tacticas-de-marketing-para-marcas-de-lujo\/\" target=\"_self\" >T\u00e1cticas de marketing para marcas de lujo<\/a><\/h5>\n<\/li><li class=\"wp-block-post post-855 post type-post status-publish format-standard has-post-thumbnail hentry category-brand-development\">\n<h5 class=\"wp-block-post-title\"><a href=\"https:\/\/vewoi.com\/es\/desarrollo-de-estrategia-de-marca-basado-en-datos\/\" target=\"_self\" >Data-Driven Brand Strategy Development<\/a><\/h5>\n<\/li><li class=\"wp-block-post post-847 post type-post status-publish format-standard has-post-thumbnail hentry category-brand-development\">\n<h5 class=\"wp-block-post-title\"><a href=\"https:\/\/vewoi.com\/es\/marca-personal-para-emprendedores\/\" target=\"_self\" >Personal Branding for Entrepreneurs<\/a><\/h5>\n<\/li><li class=\"wp-block-post post-839 post type-post status-publish format-standard has-post-thumbnail hentry category-brand-development\">\n<h5 class=\"wp-block-post-title\"><a href=\"https:\/\/vewoi.com\/es\/medicion-del-valor-y-la-efectividad-de-marca\/\" target=\"_self\" >Measuring Brand Equity and Effectiveness<\/a><\/h5>\n<\/li><li class=\"wp-block-post post-836 post type-post status-publish format-standard has-post-thumbnail hentry category-brand-development\">\n<h5 class=\"wp-block-post-title\"><a href=\"https:\/\/vewoi.com\/es\/desarrollo-de-estrategia-de-marca-basada-en-datos\/\" target=\"_self\" >Rebranding Strategies and Considerations<\/a><\/h5>\n<\/li><li class=\"wp-block-post post-834 post type-post status-publish format-standard has-post-thumbnail hentry category-brand-development\">\n<h5 class=\"wp-block-post-title\"><a href=\"https:\/\/vewoi.com\/es\/desarrollo-de-voz-y-tono-para-marcas\/\" target=\"_self\" >Voice and Tone Development for Brands<\/a><\/h5>\n<\/li><li class=\"wp-block-post post-832 post type-post status-publish format-standard has-post-thumbnail hentry category-brand-development\">\n<h5 class=\"wp-block-post-title\"><a href=\"https:\/\/vewoi.com\/es\/tecnicas-de-neuromarketing-en-el-desarrollo-de-marca\/\" target=\"_self\" >Neuromarketing Techniques in Branding<\/a><\/h5>\n<\/li><li class=\"wp-block-post post-827 post type-post status-publish format-standard has-post-thumbnail hentry category-brand-development\">\n<h5 class=\"wp-block-post-title\"><a href=\"https:\/\/vewoi.com\/es\/el-efecto-de-los-nombres-de-marca-en-la-confianza-del-consumidor\/\" target=\"_self\" >The Effect of Brand Names on Consumer Trust<\/a><\/h5>\n<\/li><li class=\"wp-block-post post-1008 post type-post status-publish format-standard has-post-thumbnail hentry category-ai-tools-applications\">\n<h5 class=\"wp-block-post-title\"><a href=\"https:\/\/vewoi.com\/es\/guia-paso-a-paso-para-generar-el-nombre-perfecto-con-chatgpt\/\" target=\"_self\" >Gu\u00eda paso a paso para generar un nombre perfecto con ChatGPT<\/a><\/h5>\n<\/li><li class=\"wp-block-post post-888 post type-post status-publish format-standard has-post-thumbnail hentry category-ai-tools-applications\">\n<h5 class=\"wp-block-post-title\"><a href=\"https:\/\/vewoi.com\/es\/guia-paso-a-paso-para-generar-nombres-de-empresa-con-chatgpt\/\" target=\"_self\" >Gu\u00eda paso a paso para generar un nombre de empresa con ChatGPT<\/a><\/h5>\n<\/li><li class=\"wp-block-post post-961 post type-post status-publish format-standard has-post-thumbnail hentry category-ai-tools-applications\">\n<h5 class=\"wp-block-post-title\"><a href=\"https:\/\/vewoi.com\/es\/guia-paso-a-paso-para-generar-nombres-de-dominio-con-chatgpt\/\" target=\"_self\" >Gu\u00eda paso a paso para generar un nombre de dominio con ChatGPT<\/a><\/h5>\n<\/li><\/ul><\/div>","protected":false},"excerpt":{"rendered":"<p>Pages Posts<\/p>","protected":false},"author":1,"featured_media":0,"parent":0,"menu_order":0,"comment_status":"closed","ping_status":"closed","template":"","meta":{"_crdt_document":"","footnotes":""},"class_list":["post-110","page","type-page","status-publish","hentry"],"_links":{"self":[{"href":"https:\/\/vewoi.com\/es\/wp-json\/wp\/v2\/pages\/110","targetHints":{"allow":["GET"]}}],"collection":[{"href":"https:\/\/vewoi.com\/es\/wp-json\/wp\/v2\/pages"}],"about":[{"href":"https:\/\/vewoi.com\/es\/wp-json\/wp\/v2\/types\/page"}],"author":[{"embeddable":true,"href":"https:\/\/vewoi.com\/es\/wp-json\/wp\/v2\/users\/1"}],"replies":[{"embeddable":true,"href":"https:\/\/vewoi.com\/es\/wp-json\/wp\/v2\/comments?post=110"}],"version-history":[{"count":0,"href":"https:\/\/vewoi.com\/es\/wp-json\/wp\/v2\/pages\/110\/revisions"}],"wp:attachment":[{"href":"https:\/\/vewoi.com\/es\/wp-json\/wp\/v2\/media?parent=110"}],"curies":[{"name":"wp","href":"https:\/\/api.w.org\/{rel}","templated":true}]}}