{"id":103,"date":"2023-06-22T03:46:34","date_gmt":"2023-06-22T03:46:34","guid":{"rendered":"https:\/\/vewoi.com\/?page_id=103"},"modified":"2024-11-12T00:36:29","modified_gmt":"2024-11-12T00:36:29","slug":"sobre-nosotros","status":"publish","type":"page","link":"https:\/\/vewoi.com\/es\/sobre-nosotros\/","title":{"rendered":"Qui\u00e9nes somos"},"content":{"rendered":"<p class=\"wp-block-paragraph\">Bienvenido a nuestro sitio web, una plataforma l\u00edder en la intersecci\u00f3n del marketing, la creaci\u00f3n de marcas y la tecnolog\u00eda de IA. Nuestra misi\u00f3n es sencilla: aclarar los r\u00e1pidos avances del marketing digital y guiarle en la integraci\u00f3n de la IA en sus estrategias de marca. Proporcionamos informaci\u00f3n pr\u00e1ctica, gu\u00edas detalladas y rese\u00f1as exhaustivas para que las empresas y los particulares puedan aprovechar la IA para obtener resultados de marketing impactantes.<\/p>\n\n\n\n<p class=\"wp-block-paragraph\">En una era de r\u00e1pidos avances tecnol\u00f3gicos, mantenerse a la vanguardia significa adoptar la adaptabilidad y el aprendizaje continuo. Nos comprometemos a ser un recurso que no solo informe, sino que tambi\u00e9n inspire la acci\u00f3n y la innovaci\u00f3n.<\/p>\n\n\n\n<p class=\"wp-block-paragraph\"><strong>C\u00f3mo trabajamos<\/strong><\/p>\n\n\n\n<p class=\"wp-block-paragraph\">Nuestro contenido est\u00e1 creado por expertos con profundos conocimientos en marketing, branding e IA. Evaluamos las \u00faltimas herramientas, plataformas y estrategias para elevar su marca en el panorama digital actual. Cada recomendaci\u00f3n se somete a un exhaustivo proceso de evaluaci\u00f3n, que incluye:<\/p>\n\n\n\n<ul class=\"wp-block-list\">\n<li>An\u00e1lisis detallado y pruebas pr\u00e1cticas de tecnolog\u00edas de IA y plataformas de marketing.<\/li>\n\n\n\n<li>Debates con l\u00edderes del sector y expertos en tecnolog\u00eda para recabar diversas perspectivas.<\/li>\n\n\n\n<li>Estudio de casos reales para comprender los efectos pr\u00e1cticos de estas tecnolog\u00edas en diversos escenarios de marketing.<\/li>\n<\/ul>\n\n\n\n<p class=\"wp-block-paragraph\">Nuestras recomendaciones proceden de una amplia investigaci\u00f3n, an\u00e1lisis y pruebas de primera mano. Nuestro objetivo es ser su fuente de confianza en marketing, branding y tecnolog\u00eda de IA.<\/p>\n\n\n\n<p class=\"wp-block-paragraph\"><strong>Nuestro compromiso con los lectores<\/strong><\/p>\n\n\n\n<p class=\"wp-block-paragraph\">Su confianza es nuestro mayor activo. Hacemos recomendaciones pensando en sus mejores intereses, libres de la influencia de acuerdos de afiliaci\u00f3n o relaciones publicitarias. Elegimos las soluciones que recomendamos porque cumplen nuestros elevados est\u00e1ndares de calidad y eficacia. Creemos en recomendar soluciones que utilizar\u00edamos y recomendar\u00edamos a nuestros amigos y familiares.<\/p>\n\n\n\n<p class=\"wp-block-paragraph\">Si un producto no cumple nuestros est\u00e1ndares o si existe una alternativa mejor, se lo diremos. No cobramos comisi\u00f3n por los productos devueltos ni por las recomendaciones insatisfactorias, por lo que nuestro \u00e9xito est\u00e1 ligado a tu satisfacci\u00f3n y confianza.<\/p>\n\n\n\n<p class=\"wp-block-paragraph\">Nuestro compromiso va m\u00e1s all\u00e1 de ofrecer contenidos. Nos esforzamos por ser un catalizador del cambio, animando a nuestros lectores a explorar nuevos m\u00e9todos, replantearse los enfoques tradicionales y aprovechar el potencial que ofrece la tecnolog\u00eda para crear narrativas de marca convincentes.<\/p>\n\n\n\n<p class=\"wp-block-paragraph\">\u00danase a nosotros en este viaje de descubrimiento y transformaci\u00f3n. Juntos podemos dar forma al futuro del marketing y las marcas, aprovechando el incre\u00edble potencial de la IA para crear experiencias que resuenen, enganchen y perduren.<br><strong><br>Conoce al equipo<\/strong><\/p>\n\n\n\n<div class=\"wp-block-group popcorn-box-shadow popcorn-full-height has-border-color has-popcorn-element-background-background-color has-background is-layout-constrained wp-container-core-group-is-layout-05f69d13 wp-block-group-is-layout-constrained\" style=\"border-color:#000000;border-width:5px;border-radius:10px;padding-top:var(--wp--preset--spacing--20);padding-right:0;padding-bottom:var(--wp--preset--spacing--20);padding-left:0\">\n<div class=\"wp-block-group is-layout-constrained wp-container-core-group-is-layout-8e24eb78 wp-block-group-is-layout-constrained\" style=\"padding-top:0;padding-right:0.67rem;padding-bottom:var(--wp--preset--spacing--20);padding-left:0.67rem\">\n<figure class=\"wp-block-image aligncenter size-full has-custom-border is-style-default\"><img decoding=\"async\" width=\"149\" height=\"151\" src=\"https:\/\/vewoi.com\/wp-content\/uploads\/2024\/03\/Robert-Miller11.png\" alt=\"Foto de perfil de Robert Miller\" class=\"wp-image-806\" style=\"border-radius:70px\"\/><\/figure>\n\n\n\n<div class=\"wp-block-group is-layout-constrained wp-container-core-group-is-layout-8e24eb78 wp-block-group-is-layout-constrained\" style=\"padding-top:0;padding-right:0.67rem;padding-bottom:var(--wp--preset--spacing--20);padding-left:0.67rem\">\n<h2 class=\"wp-block-heading has-text-align-center has-popcorn-font-m-font-size\" style=\"text-transform:uppercase\">Robert Miller<\/h2>\n\n\n\n<p class=\"has-text-align-center has-popcorn-font-s-font-size wp-block-paragraph\" style=\"font-style:normal;font-weight:700;text-transform:uppercase\">Escritor<\/p>\n<\/div>\n\n\n\n<p class=\"has-text-align-center wp-block-paragraph\">Robert Miller es un escritor y educador tecnol\u00f3gico aut\u00f3nomo con experiencia en TI. Ofrece cursos completos de inform\u00e1tica en l\u00ednea y presenciales sobre temas como inteligencia artificial, Windows, Microsoft Office y ciberseguridad. Al principio de su carrera, prest\u00f3 sus conocimientos inform\u00e1ticos a una multinacional, supervisando la gesti\u00f3n de productos y proporcionando soporte de sistemas tanto a nivel nacional como internacional.<\/p>\n<\/div>\n<\/div>\n\n\n\n<div class=\"wp-block-group alignfull is-layout-constrained wp-container-core-group-is-layout-1ef5b0ac wp-block-group-is-layout-constrained\">\n<div class=\"wp-block-columns is-layout-flex wp-container-core-columns-is-layout-03506249 wp-block-columns-is-layout-flex\">\n<div class=\"wp-block-column has-border-color has-popcorn-quaternary-color-border-color is-layout-flow wp-block-column-is-layout-flow\">\n<div class=\"wp-block-group popcorn-box-shadow popcorn-full-height has-border-color has-popcorn-element-background-background-color has-background is-layout-constrained wp-container-core-group-is-layout-05f69d13 wp-block-group-is-layout-constrained\" style=\"border-color:#000000;border-width:5px;border-radius:10px;padding-top:var(--wp--preset--spacing--20);padding-right:0;padding-bottom:var(--wp--preset--spacing--20);padding-left:0\">\n<figure class=\"wp-block-image aligncenter size-full has-custom-border is-style-default\"><img decoding=\"async\" width=\"149\" height=\"151\" src=\"https:\/\/vewoi.com\/wp-content\/uploads\/2024\/03\/AMELIA-Smith.png\" alt=\"Foto de perfil de Amelia Smith\" class=\"wp-image-808\" style=\"border-radius:70px\"\/><\/figure>\n\n\n\n<div class=\"wp-block-group is-layout-constrained wp-container-core-group-is-layout-8e24eb78 wp-block-group-is-layout-constrained\" style=\"padding-top:0;padding-right:0.67rem;padding-bottom:var(--wp--preset--spacing--20);padding-left:0.67rem\">\n<h2 class=\"wp-block-heading has-text-align-center has-popcorn-font-m-font-size\" style=\"text-transform:uppercase\">Amelia Smith<\/h2>\n\n\n\n<p class=\"has-text-align-center has-popcorn-font-s-font-size wp-block-paragraph\" style=\"font-style:normal;font-weight:700;text-transform:uppercase\">Escritor<\/p>\n\n\n\n<p class=\"has-text-align-center wp-block-paragraph\">Amelia Smith es periodista y vive cerca de Atlanta, Georgia. Lleva 10 a\u00f1os escribiendo sobre c\u00f3mo las empresas pueden conectar mejor con sus clientes. Le encanta averiguar qu\u00e9 hace que la gente elija determinadas marcas y productos. Sus temas favoritos son c\u00f3mo las empresas cuentan sus historias, por qu\u00e9 la gente compra lo que compra y c\u00f3mo los logotipos y dise\u00f1os afectan a nuestras elecciones.<\/p>\n<\/div>\n<\/div>\n<\/div>\n<\/div>\n\n\n\n<p class=\"wp-block-paragraph\">Si tiene alguna pregunta o desea ponerse en contacto con nosotros, utilice nuestro<a href=\"https:\/\/vewoi.com\/es\/contacto\/\"> P\u00e1gina de contacto<\/a>. Valoramos y esperamos sus comentarios y sugerencias constructivas.<\/p>\n<\/div>","protected":false},"excerpt":{"rendered":"<p>Welcome to our website, a leading platform at the intersection of marketing, branding and AI technology. Our mission is simple: to clarify the rapid advancements in digital marketing and guide you through integrating AI into your brand strategies. We provide actionable insights, in-depth guides, and in-depth reviews to empower businesses and individuals to leverage AI [&hellip;]<\/p>\n","protected":false},"author":2,"featured_media":0,"parent":0,"menu_order":0,"comment_status":"closed","ping_status":"closed","template":"","meta":{"_crdt_document":"","footnotes":""},"class_list":["post-103","page","type-page","status-publish","hentry"],"_links":{"self":[{"href":"https:\/\/vewoi.com\/es\/wp-json\/wp\/v2\/pages\/103","targetHints":{"allow":["GET"]}}],"collection":[{"href":"https:\/\/vewoi.com\/es\/wp-json\/wp\/v2\/pages"}],"about":[{"href":"https:\/\/vewoi.com\/es\/wp-json\/wp\/v2\/types\/page"}],"author":[{"embeddable":true,"href":"https:\/\/vewoi.com\/es\/wp-json\/wp\/v2\/users\/2"}],"replies":[{"embeddable":true,"href":"https:\/\/vewoi.com\/es\/wp-json\/wp\/v2\/comments?post=103"}],"version-history":[{"count":0,"href":"https:\/\/vewoi.com\/es\/wp-json\/wp\/v2\/pages\/103\/revisions"}],"wp:attachment":[{"href":"https:\/\/vewoi.com\/es\/wp-json\/wp\/v2\/media?parent=103"}],"curies":[{"name":"wp","href":"https:\/\/api.w.org\/{rel}","templated":true}]}}