{"id":99,"date":"2023-06-18T23:21:03","date_gmt":"2023-06-18T23:21:03","guid":{"rendered":"https:\/\/vewoi.com\/?page_id=99"},"modified":"2024-11-12T00:36:59","modified_gmt":"2024-11-12T00:36:59","slug":"haftungsausschluss","status":"publish","type":"page","link":"https:\/\/vewoi.com\/de\/haftungsausschluss\/","title":{"rendered":"Haftungsausschluss"},"content":{"rendered":"<p class=\"wp-block-paragraph\">Bitte beachten Sie, dass alle Informationen auf dieser Webseite ausschlie\u00dflich zu allgemeinen Informationszwecken dienen.<\/p>\n\n\n\n<p class=\"wp-block-paragraph\">Obwohl wir uns bem\u00fchen, die Informationen aktuell und korrekt zu halten, k\u00f6nnen wir keine ausdr\u00fcckliche oder stillschweigende Garantie f\u00fcr die Vollst\u00e4ndigkeit, Genauigkeit, Zuverl\u00e4ssigkeit oder Eignung der Website sowie der darin enthaltenen Informationen, Produkte, Dienstleistungen oder Grafiken \u00fcbernehmen. Jegliche Nutzung dieser Informationen erfolgt daher auf eigenes Risiko.<\/p>\n\n\n\n<p class=\"wp-block-paragraph\">Wir haften nicht f\u00fcr Verluste oder Sch\u00e4den jeglicher Art, einschlie\u00dflich indirekter Sch\u00e4den, Folgesch\u00e4den, Datenverlust oder entgangenen Gewinn, die durch die Nutzung dieser Website entstehen k\u00f6nnten.<\/p>\n\n\n\n<p class=\"wp-block-paragraph\">Wir weisen darauf hin, dass wir keinen Einfluss auf die Art, den Inhalt und die Verf\u00fcgbarkeit verlinkter externer Websites haben. Das Vorhandensein solcher Links bedeutet nicht automatisch eine Empfehlung oder Bef\u00fcrwortung der dort ge\u00e4u\u00dferten Ansichten. Auch bei technischen St\u00f6rungen, die au\u00dferhalb unseres Einflussbereichs liegen, k\u00f6nnen wir keine Verantwortung f\u00fcr die vor\u00fcbergehende Nichtverf\u00fcgbarkeit der Website \u00fcbernehmen.<\/p>","protected":false},"excerpt":{"rendered":"<p>Please note that the information provided on this website is meant for general informational purposes only. While we make every effort to ensure the information is accurate and up to date, we do not provide any guarantees or warranties, either expressed or implied, regarding the completeness, accuracy, reliability, suitability, or availability of the website or [&hellip;]<\/p>\n","protected":false},"author":1,"featured_media":0,"parent":0,"menu_order":0,"comment_status":"closed","ping_status":"closed","template":"","meta":{"_crdt_document":"","footnotes":""},"class_list":["post-99","page","type-page","status-publish","hentry"],"_links":{"self":[{"href":"https:\/\/vewoi.com\/de\/wp-json\/wp\/v2\/pages\/99","targetHints":{"allow":["GET"]}}],"collection":[{"href":"https:\/\/vewoi.com\/de\/wp-json\/wp\/v2\/pages"}],"about":[{"href":"https:\/\/vewoi.com\/de\/wp-json\/wp\/v2\/types\/page"}],"author":[{"embeddable":true,"href":"https:\/\/vewoi.com\/de\/wp-json\/wp\/v2\/users\/1"}],"replies":[{"embeddable":true,"href":"https:\/\/vewoi.com\/de\/wp-json\/wp\/v2\/comments?post=99"}],"version-history":[{"count":0,"href":"https:\/\/vewoi.com\/de\/wp-json\/wp\/v2\/pages\/99\/revisions"}],"wp:attachment":[{"href":"https:\/\/vewoi.com\/de\/wp-json\/wp\/v2\/media?parent=99"}],"curies":[{"name":"wp","href":"https:\/\/api.w.org\/{rel}","templated":true}]}}