{"id":103,"date":"2023-06-22T03:46:34","date_gmt":"2023-06-22T03:46:34","guid":{"rendered":"https:\/\/vewoi.com\/?page_id=103"},"modified":"2024-11-12T00:36:29","modified_gmt":"2024-11-12T00:36:29","slug":"uber-uns","status":"publish","type":"page","link":"https:\/\/vewoi.com\/de\/uber-uns\/","title":{"rendered":"\u00dcber uns"},"content":{"rendered":"<p class=\"wp-block-paragraph\">Willkommen auf unserer Website, einer f\u00fchrenden Plattform an der Schnittstelle von Marketing, Branding und KI-Technologie. Unsere Mission ist einfach: die rasanten Fortschritte im digitalen Marketing zu erkl\u00e4ren und Sie bei der Integration von KI in Ihre Markenstrategien zu unterst\u00fctzen. Wir bieten umsetzbare Einblicke, ausf\u00fchrliche Leitf\u00e4den und ausf\u00fchrliche Bewertungen, um Unternehmen und Einzelpersonen in die Lage zu versetzen, KI f\u00fcr wirkungsvolle Marketingergebnisse zu nutzen.<\/p>\n\n\n\n<p class=\"wp-block-paragraph\">In einer Zeit des raschen technologischen Fortschritts bedeutet Vorsprung durch Anpassungsf\u00e4higkeit und kontinuierliches Lernen. Wir sind bestrebt, eine Ressource zu sein, die nicht nur informiert, sondern auch zum Handeln und zur Innovation anregt.<\/p>\n\n\n\n<p class=\"wp-block-paragraph\"><strong>Wie wir operieren<\/strong><\/p>\n\n\n\n<p class=\"wp-block-paragraph\">Unsere Inhalte werden von Experten mit fundierten Kenntnissen in den Bereichen Marketing, Branding und KI erstellt. Wir evaluieren die neuesten Tools, Plattformen und Strategien, um Ihre Marke in der heutigen digitalen Landschaft aufzuwerten. Jede Empfehlung durchl\u00e4uft einen gr\u00fcndlichen Bewertungsprozess, der Folgendes umfasst:<\/p>\n\n\n\n<ul class=\"wp-block-list\">\n<li>Detaillierte Analysen und praktische Tests von KI-Technologien und Marketingplattformen.<\/li>\n\n\n\n<li>Diskussionen mit Branchenf\u00fchrern und Technologieexperten, um verschiedene Perspektiven zu sammeln.<\/li>\n\n\n\n<li>Untersuchung von Fallstudien aus der Praxis, um die praktischen Auswirkungen dieser Technologien in verschiedenen Marketingszenarien zu verstehen.<\/li>\n<\/ul>\n\n\n\n<p class=\"wp-block-paragraph\">Unsere Empfehlungen beruhen auf umfangreichen Untersuchungen, Analysen und Tests aus erster Hand. Unser Ziel ist es, Ihre vertrauensw\u00fcrdigste Quelle f\u00fcr Marketing, Branding und KI-Technologie zu sein.<\/p>\n\n\n\n<p class=\"wp-block-paragraph\"><strong>Unsere Verpflichtung gegen\u00fcber unseren Lesern<\/strong><\/p>\n\n\n\n<p class=\"wp-block-paragraph\">Ihr Vertrauen ist unser gr\u00f6\u00dftes Kapital. Wir geben unsere Empfehlungen in Ihrem besten Interesse ab, frei vom Einfluss von Partnergesch\u00e4ften oder Werbebeziehungen. Die von uns empfohlenen L\u00f6sungen werden ausgew\u00e4hlt, weil sie unseren hohen Anspr\u00fcchen an Qualit\u00e4t und Effektivit\u00e4t gerecht werden. Wir empfehlen L\u00f6sungen, die wir auch selbst nutzen und unseren Freunden und Verwandten empfehlen w\u00fcrden.<\/p>\n\n\n\n<p class=\"wp-block-paragraph\">Wenn ein Produkt nicht unseren Standards entspricht oder wenn es eine bessere Alternative gibt, sagen wir es Ihnen. Wir erhalten keine Provision f\u00fcr zur\u00fcckgesendete Produkte oder unbefriedigende Empfehlungen, daher ist unser Erfolg an Ihre Zufriedenheit und Ihr Vertrauen gebunden.<\/p>\n\n\n\n<p class=\"wp-block-paragraph\">Unser Engagement geht \u00fcber die Bereitstellung von Inhalten hinaus. Wir wollen ein Katalysator f\u00fcr den Wandel sein und unsere Leser dazu ermutigen, neue Methoden zu erforschen, traditionelle Ans\u00e4tze zu \u00fcberdenken und das Potenzial der Technologie f\u00fcr die Gestaltung \u00fcberzeugender Markenerz\u00e4hlungen zu nutzen.<\/p>\n\n\n\n<p class=\"wp-block-paragraph\">Begleiten Sie uns auf dieser Reise der Entdeckung und Ver\u00e4nderung. Gemeinsam k\u00f6nnen wir die Zukunft von Marketing und Branding gestalten und das unglaubliche Potenzial von KI nutzen, um Erlebnisse zu schaffen, die ankommen, begeistern und Bestand haben.<br><strong><br>Treffen Sie das Team<\/strong><\/p>\n\n\n\n<div class=\"wp-block-group popcorn-box-shadow popcorn-full-height has-border-color has-popcorn-element-background-background-color has-background is-layout-constrained wp-container-core-group-is-layout-05f69d13 wp-block-group-is-layout-constrained\" style=\"border-color:#000000;border-width:5px;border-radius:10px;padding-top:var(--wp--preset--spacing--20);padding-right:0;padding-bottom:var(--wp--preset--spacing--20);padding-left:0\">\n<div class=\"wp-block-group is-layout-constrained wp-container-core-group-is-layout-8e24eb78 wp-block-group-is-layout-constrained\" style=\"padding-top:0;padding-right:0.67rem;padding-bottom:var(--wp--preset--spacing--20);padding-left:0.67rem\">\n<figure class=\"wp-block-image aligncenter size-full has-custom-border is-style-default\"><img decoding=\"async\" width=\"149\" height=\"151\" src=\"https:\/\/vewoi.com\/wp-content\/uploads\/2024\/03\/Robert-Miller11.png\" alt=\"Profilbild von Robert Miller\" class=\"wp-image-806\" style=\"border-radius:70px\"\/><\/figure>\n\n\n\n<div class=\"wp-block-group is-layout-constrained wp-container-core-group-is-layout-8e24eb78 wp-block-group-is-layout-constrained\" style=\"padding-top:0;padding-right:0.67rem;padding-bottom:var(--wp--preset--spacing--20);padding-left:0.67rem\">\n<h2 class=\"wp-block-heading has-text-align-center has-popcorn-font-m-font-size\" style=\"text-transform:uppercase\">Robert Miller<\/h2>\n\n\n\n<p class=\"has-text-align-center has-popcorn-font-s-font-size wp-block-paragraph\" style=\"font-style:normal;font-weight:700;text-transform:uppercase\">Autorin<\/p>\n<\/div>\n\n\n\n<p class=\"has-text-align-center wp-block-paragraph\">Robert Miller ist freiberuflicher Technologiewissenschaftler und P\u00e4dagoge mit einem Hintergrund im IT-Bereich. Er bietet umfassende Computerkurse online und pers\u00f6nlich an, die Themen wie k\u00fcnstliche Intelligenz, Windows, Microsoft Office und Cybersicherheit behandeln. In einem fr\u00fcheren Stadium seiner Karriere stellte er sein IT-Fachwissen einem multinationalen Unternehmen zur Verf\u00fcgung, wo er das Produktmanagement leitete und Systemsupport im In- und Ausland leistete.<\/p>\n<\/div>\n<\/div>\n\n\n\n<div class=\"wp-block-group alignfull is-layout-constrained wp-container-core-group-is-layout-1ef5b0ac wp-block-group-is-layout-constrained\">\n<div class=\"wp-block-columns is-layout-flex wp-container-core-columns-is-layout-03506249 wp-block-columns-is-layout-flex\">\n<div class=\"wp-block-column has-border-color has-popcorn-quaternary-color-border-color is-layout-flow wp-block-column-is-layout-flow\">\n<div class=\"wp-block-group popcorn-box-shadow popcorn-full-height has-border-color has-popcorn-element-background-background-color has-background is-layout-constrained wp-container-core-group-is-layout-05f69d13 wp-block-group-is-layout-constrained\" style=\"border-color:#000000;border-width:5px;border-radius:10px;padding-top:var(--wp--preset--spacing--20);padding-right:0;padding-bottom:var(--wp--preset--spacing--20);padding-left:0\">\n<figure class=\"wp-block-image aligncenter size-full has-custom-border is-style-default\"><img decoding=\"async\" width=\"149\" height=\"151\" src=\"https:\/\/vewoi.com\/wp-content\/uploads\/2024\/03\/AMELIA-Smith.png\" alt=\"Profilbild von Amelia Smith\" class=\"wp-image-808\" style=\"border-radius:70px\"\/><\/figure>\n\n\n\n<div class=\"wp-block-group is-layout-constrained wp-container-core-group-is-layout-8e24eb78 wp-block-group-is-layout-constrained\" style=\"padding-top:0;padding-right:0.67rem;padding-bottom:var(--wp--preset--spacing--20);padding-left:0.67rem\">\n<h2 class=\"wp-block-heading has-text-align-center has-popcorn-font-m-font-size\" style=\"text-transform:uppercase\">Amelia Smith<\/h2>\n\n\n\n<p class=\"has-text-align-center has-popcorn-font-s-font-size wp-block-paragraph\" style=\"font-style:normal;font-weight:700;text-transform:uppercase\">Autorin<\/p>\n\n\n\n<p class=\"has-text-align-center wp-block-paragraph\">Amelia Smith ist Journalistin und lebt in der N\u00e4he von Atlanta, Georgia. Seit 10 Jahren schreibt sie dar\u00fcber, wie Unternehmen besser mit ihren Kunden in Kontakt treten k\u00f6nnen. Sie liebt es herauszufinden, was Menschen dazu bringt, sich f\u00fcr bestimmte Marken und Produkte zu entscheiden. Ihre Lieblingsthemen sind, wie Unternehmen ihre Geschichten erz\u00e4hlen, warum Menschen kaufen, was sie kaufen, und wie Logos und Designs unsere Entscheidungen beeinflussen.<\/p>\n<\/div>\n<\/div>\n<\/div>\n<\/div>\n\n\n\n<p class=\"wp-block-paragraph\">Sollten Sie Fragen haben oder mit uns in Kontakt treten wollen, nutzen Sie bitte unser<a href=\"https:\/\/vewoi.com\/de\/kontaktiere-uns\/\"> Die Kontaktseite befindet sich hier<\/a>. Wir sch\u00e4tzen Ihr konstruktives Feedback und Ihre Vorschl\u00e4ge und sind gespannt darauf.<\/p>\n<\/div>","protected":false},"excerpt":{"rendered":"<p>Welcome to our website, a leading platform at the intersection of marketing, branding and AI technology. Our mission is simple: to clarify the rapid advancements in digital marketing and guide you through integrating AI into your brand strategies. We provide actionable insights, in-depth guides, and in-depth reviews to empower businesses and individuals to leverage AI [&hellip;]<\/p>\n","protected":false},"author":2,"featured_media":0,"parent":0,"menu_order":0,"comment_status":"closed","ping_status":"closed","template":"","meta":{"_crdt_document":"","footnotes":""},"class_list":["post-103","page","type-page","status-publish","hentry"],"_links":{"self":[{"href":"https:\/\/vewoi.com\/de\/wp-json\/wp\/v2\/pages\/103","targetHints":{"allow":["GET"]}}],"collection":[{"href":"https:\/\/vewoi.com\/de\/wp-json\/wp\/v2\/pages"}],"about":[{"href":"https:\/\/vewoi.com\/de\/wp-json\/wp\/v2\/types\/page"}],"author":[{"embeddable":true,"href":"https:\/\/vewoi.com\/de\/wp-json\/wp\/v2\/users\/2"}],"replies":[{"embeddable":true,"href":"https:\/\/vewoi.com\/de\/wp-json\/wp\/v2\/comments?post=103"}],"version-history":[{"count":0,"href":"https:\/\/vewoi.com\/de\/wp-json\/wp\/v2\/pages\/103\/revisions"}],"wp:attachment":[{"href":"https:\/\/vewoi.com\/de\/wp-json\/wp\/v2\/media?parent=103"}],"curies":[{"name":"wp","href":"https:\/\/api.w.org\/{rel}","templated":true}]}}